{"id":13675,"date":"2018-01-19T10:55:58","date_gmt":"2018-01-19T08:55:58","guid":{"rendered":"http:\/\/prelive.hals.ee\/trading\/kataloog\/"},"modified":"2020-06-01T12:58:22","modified_gmt":"2020-06-01T09:58:22","slug":"kataloog","status":"publish","type":"page","link":"https:\/\/hals.ee\/trading\/fi\/kataloog\/","title":{"rendered":"Hakemisto"},"content":{"rendered":"<h1><img loading=\"lazy\" decoding=\"async\" class=\"alignright wp-image-8981\" src=\"http:\/\/prelive.hals.ee\/trading\/wp-content\/uploads\/sites\/1\/2018\/03\/hals-trading-kataloog.png\" alt=\"Trading kataloogi illustreeriv pilt\" width=\"300\" height=\"300\" srcset=\"https:\/\/hals.ee\/trading\/wp-content\/uploads\/sites\/1\/2018\/03\/hals-trading-kataloog.png 363w, https:\/\/hals.ee\/trading\/wp-content\/uploads\/sites\/1\/2018\/03\/hals-trading-kataloog-150x150.png 150w, https:\/\/hals.ee\/trading\/wp-content\/uploads\/sites\/1\/2018\/03\/hals-trading-kataloog-300x300.png 300w, https:\/\/hals.ee\/trading\/wp-content\/uploads\/sites\/1\/2018\/03\/hals-trading-kataloog-125x125.png 125w, https:\/\/hals.ee\/trading\/wp-content\/uploads\/sites\/1\/2018\/03\/hals-trading-kataloog-240x240.png 240w, https:\/\/hals.ee\/trading\/wp-content\/uploads\/sites\/1\/2018\/03\/hals-trading-kataloog-140x140.png 140w\" sizes=\"auto, (max-width: 300px) 100vw, 300px\" \/>Hals Trading<\/h1>\n<p>Hals Trading AS on LV-tuotteiden maahantuontiin ja tukkumyyntiin erikoistunut yritys. Historiamme alkaa vuodesta 1991, jolloin aloitti toimintansa messinkivalutehdas, AS Hals Etel\u00e4-Virossa, Viljandissa. Hals Trading AS perustettiin vuonna 1994 Tallinnaan, tyt\u00e4ryhti\u00f6mme Hals Trading-T vuonna 1996 Tartoon sek\u00e4 SIA Hals Trading 1999 Riikaan, Latviaan.<\/p>\n<p>&nbsp;<\/p>\n<img loading=\"lazy\" decoding=\"async\" class=\"alignnone wp-image-13558\" src=\"http:\/\/prelive.hals.ee\/trading\/wp-content\/uploads\/sites\/1\/2018\/10\/e-maili-allkiri-eeet2018-aaa.png\" alt=\"\" width=\"443\" height=\"127\" srcset=\"https:\/\/hals.ee\/trading\/wp-content\/uploads\/sites\/1\/2018\/10\/e-maili-allkiri-eeet2018-aaa.png 600w, https:\/\/hals.ee\/trading\/wp-content\/uploads\/sites\/1\/2018\/10\/e-maili-allkiri-eeet2018-aaa-300x86.png 300w, https:\/\/hals.ee\/trading\/wp-content\/uploads\/sites\/1\/2018\/10\/e-maili-allkiri-eeet2018-aaa-150x43.png 150w\" sizes=\"auto, (max-width: 443px) 100vw, 443px\" \/>\n","protected":false},"excerpt":{"rendered":"<p>Hals Trading Hals Trading AS on LV-tuotteiden maahantuontiin ja tukkumyyntiin erikoistunut yritys. Historiamme alkaa vuodesta 1991, jolloin aloitti toimintansa messinkivalutehdas, AS Hals Etel\u00e4-Virossa, Viljandissa. Hals Trading AS perustettiin vuonna 1994 Tallinnaan, tyt\u00e4ryhti\u00f6mme Hals Trading-T vuonna 1996 Tartoon sek\u00e4 SIA Hals Trading 1999 Riikaan, Latviaan. &nbsp;<\/p>\n","protected":false},"author":1,"featured_media":0,"parent":0,"menu_order":0,"comment_status":"closed","ping_status":"closed","template":"page-catalogue.php","meta":{"footnotes":""},"class_list":["post-13675","page","type-page","status-publish","hentry"],"yoast_head":"<!-- This site is optimized with the Yoast SEO plugin v27.1.1 - https:\/\/yoast.com\/product\/yoast-seo-wordpress\/ -->\n<title>Hakemisto - Hals Trading<\/title>\n<meta name=\"robots\" content=\"index, follow, max-snippet:-1, max-image-preview:large, max-video-preview:-1\" \/>\n<link rel=\"canonical\" href=\"https:\/\/hals.ee\/trading\/fi\/kataloog\/\" \/>\n<meta property=\"og:locale\" content=\"fi_FI\" \/>\n<meta property=\"og:type\" content=\"article\" \/>\n<meta property=\"og:title\" content=\"Hakemisto - Hals Trading\" \/>\n<meta property=\"og:description\" content=\"Hals Trading Hals Trading AS on LV-tuotteiden maahantuontiin ja tukkumyyntiin erikoistunut yritys. Historiamme alkaa vuodesta 1991, jolloin aloitti toimintansa messinkivalutehdas, AS Hals Etel\u00e4-Virossa, Viljandissa. Hals Trading AS perustettiin vuonna 1994 Tallinnaan, tyt\u00e4ryhti\u00f6mme Hals Trading-T vuonna 1996 Tartoon sek\u00e4 SIA Hals Trading 1999 Riikaan, Latviaan. &nbsp;\" \/>\n<meta property=\"og:url\" content=\"https:\/\/hals.ee\/trading\/fi\/kataloog\/\" \/>\n<meta property=\"og:site_name\" content=\"Hals Trading\" \/>\n<meta property=\"article:modified_time\" content=\"2020-06-01T09:58:22+00:00\" \/>\n<meta property=\"og:image\" content=\"http:\/\/prelive.hals.ee\/trading\/wp-content\/uploads\/sites\/1\/2018\/03\/hals-trading-kataloog.png\" \/>\n<meta name=\"twitter:card\" content=\"summary_large_image\" \/>\n<script type=\"application\/ld+json\" class=\"yoast-schema-graph\">{\"@context\":\"https:\/\/schema.org\",\"@graph\":[{\"@type\":\"WebPage\",\"@id\":\"https:\/\/hals.ee\/trading\/fi\/kataloog\/\",\"url\":\"https:\/\/hals.ee\/trading\/fi\/kataloog\/\",\"name\":\"Hakemisto - Hals Trading\",\"isPartOf\":{\"@id\":\"https:\/\/hals.ee\/trading\/#website\"},\"primaryImageOfPage\":{\"@id\":\"https:\/\/hals.ee\/trading\/fi\/kataloog\/#primaryimage\"},\"image\":{\"@id\":\"https:\/\/hals.ee\/trading\/fi\/kataloog\/#primaryimage\"},\"thumbnailUrl\":\"http:\/\/prelive.hals.ee\/trading\/wp-content\/uploads\/sites\/1\/2018\/03\/hals-trading-kataloog.png\",\"datePublished\":\"2018-01-19T08:55:58+00:00\",\"dateModified\":\"2020-06-01T09:58:22+00:00\",\"breadcrumb\":{\"@id\":\"https:\/\/hals.ee\/trading\/fi\/kataloog\/#breadcrumb\"},\"inLanguage\":\"fi\",\"potentialAction\":[{\"@type\":\"ReadAction\",\"target\":[\"https:\/\/hals.ee\/trading\/fi\/kataloog\/\"]}]},{\"@type\":\"ImageObject\",\"inLanguage\":\"fi\",\"@id\":\"https:\/\/hals.ee\/trading\/fi\/kataloog\/#primaryimage\",\"url\":\"http:\/\/prelive.hals.ee\/trading\/wp-content\/uploads\/sites\/1\/2018\/03\/hals-trading-kataloog.png\",\"contentUrl\":\"http:\/\/prelive.hals.ee\/trading\/wp-content\/uploads\/sites\/1\/2018\/03\/hals-trading-kataloog.png\"},{\"@type\":\"BreadcrumbList\",\"@id\":\"https:\/\/hals.ee\/trading\/fi\/kataloog\/#breadcrumb\",\"itemListElement\":[{\"@type\":\"ListItem\",\"position\":1,\"name\":\"Home\",\"item\":\"https:\/\/hals.ee\/trading\/\"},{\"@type\":\"ListItem\",\"position\":2,\"name\":\"Hakemisto\"}]},{\"@type\":\"WebSite\",\"@id\":\"https:\/\/hals.ee\/trading\/#website\",\"url\":\"https:\/\/hals.ee\/trading\/\",\"name\":\"Hals Trading\",\"description\":\"Professionaali valik juba 25 aastat\",\"potentialAction\":[{\"@type\":\"SearchAction\",\"target\":{\"@type\":\"EntryPoint\",\"urlTemplate\":\"https:\/\/hals.ee\/trading\/?s={search_term_string}\"},\"query-input\":{\"@type\":\"PropertyValueSpecification\",\"valueRequired\":true,\"valueName\":\"search_term_string\"}}],\"inLanguage\":\"fi\"}]}<\/script>\n<!-- \/ Yoast SEO plugin. -->","yoast_head_json":{"title":"Hakemisto - Hals Trading","robots":{"index":"index","follow":"follow","max-snippet":"max-snippet:-1","max-image-preview":"max-image-preview:large","max-video-preview":"max-video-preview:-1"},"canonical":"https:\/\/hals.ee\/trading\/fi\/kataloog\/","og_locale":"fi_FI","og_type":"article","og_title":"Hakemisto - Hals Trading","og_description":"Hals Trading Hals Trading AS on LV-tuotteiden maahantuontiin ja tukkumyyntiin erikoistunut yritys. Historiamme alkaa vuodesta 1991, jolloin aloitti toimintansa messinkivalutehdas, AS Hals Etel\u00e4-Virossa, Viljandissa. Hals Trading AS perustettiin vuonna 1994 Tallinnaan, tyt\u00e4ryhti\u00f6mme Hals Trading-T vuonna 1996 Tartoon sek\u00e4 SIA Hals Trading 1999 Riikaan, Latviaan. &nbsp;","og_url":"https:\/\/hals.ee\/trading\/fi\/kataloog\/","og_site_name":"Hals Trading","article_modified_time":"2020-06-01T09:58:22+00:00","og_image":[{"url":"http:\/\/prelive.hals.ee\/trading\/wp-content\/uploads\/sites\/1\/2018\/03\/hals-trading-kataloog.png","type":"","width":"","height":""}],"twitter_card":"summary_large_image","schema":{"@context":"https:\/\/schema.org","@graph":[{"@type":"WebPage","@id":"https:\/\/hals.ee\/trading\/fi\/kataloog\/","url":"https:\/\/hals.ee\/trading\/fi\/kataloog\/","name":"Hakemisto - Hals Trading","isPartOf":{"@id":"https:\/\/hals.ee\/trading\/#website"},"primaryImageOfPage":{"@id":"https:\/\/hals.ee\/trading\/fi\/kataloog\/#primaryimage"},"image":{"@id":"https:\/\/hals.ee\/trading\/fi\/kataloog\/#primaryimage"},"thumbnailUrl":"http:\/\/prelive.hals.ee\/trading\/wp-content\/uploads\/sites\/1\/2018\/03\/hals-trading-kataloog.png","datePublished":"2018-01-19T08:55:58+00:00","dateModified":"2020-06-01T09:58:22+00:00","breadcrumb":{"@id":"https:\/\/hals.ee\/trading\/fi\/kataloog\/#breadcrumb"},"inLanguage":"fi","potentialAction":[{"@type":"ReadAction","target":["https:\/\/hals.ee\/trading\/fi\/kataloog\/"]}]},{"@type":"ImageObject","inLanguage":"fi","@id":"https:\/\/hals.ee\/trading\/fi\/kataloog\/#primaryimage","url":"http:\/\/prelive.hals.ee\/trading\/wp-content\/uploads\/sites\/1\/2018\/03\/hals-trading-kataloog.png","contentUrl":"http:\/\/prelive.hals.ee\/trading\/wp-content\/uploads\/sites\/1\/2018\/03\/hals-trading-kataloog.png"},{"@type":"BreadcrumbList","@id":"https:\/\/hals.ee\/trading\/fi\/kataloog\/#breadcrumb","itemListElement":[{"@type":"ListItem","position":1,"name":"Home","item":"https:\/\/hals.ee\/trading\/"},{"@type":"ListItem","position":2,"name":"Hakemisto"}]},{"@type":"WebSite","@id":"https:\/\/hals.ee\/trading\/#website","url":"https:\/\/hals.ee\/trading\/","name":"Hals Trading","description":"Professionaali valik juba 25 aastat","potentialAction":[{"@type":"SearchAction","target":{"@type":"EntryPoint","urlTemplate":"https:\/\/hals.ee\/trading\/?s={search_term_string}"},"query-input":{"@type":"PropertyValueSpecification","valueRequired":true,"valueName":"search_term_string"}}],"inLanguage":"fi"}]}},"_links":{"self":[{"href":"https:\/\/hals.ee\/trading\/fi\/wp-json\/wp\/v2\/pages\/13675","targetHints":{"allow":["GET"]}}],"collection":[{"href":"https:\/\/hals.ee\/trading\/fi\/wp-json\/wp\/v2\/pages"}],"about":[{"href":"https:\/\/hals.ee\/trading\/fi\/wp-json\/wp\/v2\/types\/page"}],"author":[{"embeddable":true,"href":"https:\/\/hals.ee\/trading\/fi\/wp-json\/wp\/v2\/users\/1"}],"replies":[{"embeddable":true,"href":"https:\/\/hals.ee\/trading\/fi\/wp-json\/wp\/v2\/comments?post=13675"}],"version-history":[{"count":6,"href":"https:\/\/hals.ee\/trading\/fi\/wp-json\/wp\/v2\/pages\/13675\/revisions"}],"predecessor-version":[{"id":14231,"href":"https:\/\/hals.ee\/trading\/fi\/wp-json\/wp\/v2\/pages\/13675\/revisions\/14231"}],"wp:attachment":[{"href":"https:\/\/hals.ee\/trading\/fi\/wp-json\/wp\/v2\/media?parent=13675"}],"curies":[{"name":"wp","href":"https:\/\/api.w.org\/{rel}","templated":true}]}}