{"id":645,"date":"2018-01-26T18:01:25","date_gmt":"2018-01-26T16:01:25","guid":{"rendered":"http:\/\/prelive.hals.ee\/trading-t\/ettevottest\/"},"modified":"2025-02-10T08:41:36","modified_gmt":"2025-02-10T06:41:36","slug":"ettevottest","status":"publish","type":"page","link":"https:\/\/hals.ee\/trading-t\/en\/","title":{"rendered":"Ettev\u00f5ttest"},"content":{"rendered":"<p><b><img loading=\"lazy\" decoding=\"async\" class=\"alignnone wp-image-582 size-medium\" src=\"http:\/\/prelive.hals.ee\/trading-t\/wp-content\/uploads\/sites\/3\/2018\/01\/logo-tradingt-300x32.png\" alt=\"\" width=\"300\" height=\"32\" srcset=\"https:\/\/hals.ee\/trading-t\/wp-content\/uploads\/sites\/3\/2018\/01\/logo-tradingt-300x32.png 300w, https:\/\/hals.ee\/trading-t\/wp-content\/uploads\/sites\/3\/2018\/01\/logo-tradingt.png 377w\" sizes=\"auto, (max-width: 300px) 100vw, 300px\" \/><\/b><img loading=\"lazy\" decoding=\"async\" class=\"alignright size-medium wp-image-585\" src=\"http:\/\/prelive.hals.ee\/trading-t\/wp-content\/uploads\/sites\/3\/2018\/01\/map-tartu-black-300x202.png\" alt=\"\" width=\"300\" height=\"202\" srcset=\"https:\/\/hals.ee\/trading-t\/wp-content\/uploads\/sites\/3\/2018\/01\/map-tartu-black-300x202.png 300w, https:\/\/hals.ee\/trading-t\/wp-content\/uploads\/sites\/3\/2018\/01\/map-tartu-black.png 600w\" sizes=\"auto, (max-width: 300px) 100vw, 300px\" \/>AS Hals Trading \u2013 T on asutatud 1996. aastal, et tegeleda sanitaartehniliste toodete impordi ja hulgim\u00fc\u00fcgiga ka L\u00f5una-Eestis.\u00a0\u00a0Firma p\u00f5hineb 100 % Eesti kapitalil. Aastatega on tekkinud meile 12 \u2013 liikmeline stabiilne meeskond. Peame oluliseks tarnida ainult kvaliteetseid tooteid, arvestada meie partnerite vajadusi ning pakkuda paindlikku ja kiiret teenindust.<\/p>\n<p>Asume aadressil Sepa 19, Tartu,\u00a0kus on vaba kaubandus- ja b\u00fcroopinda rendile anda.<\/p>\n<div style=\"width: 640px;\" class=\"wp-video\"><video class=\"wp-video-shortcode\" id=\"video-645-1\" width=\"640\" height=\"360\" preload=\"metadata\" controls=\"controls\"><source type=\"video\/mp4\" src=\"https:\/\/hals.ee\/trading-t\/wp-content\/uploads\/sites\/3\/2022\/09\/hals-trading.mp4?_=1\" \/><a href=\"https:\/\/hals.ee\/trading-t\/wp-content\/uploads\/sites\/3\/2022\/09\/hals-trading.mp4\">https:\/\/hals.ee\/trading-t\/wp-content\/uploads\/sites\/3\/2022\/09\/hals-trading.mp4<\/a><\/video><\/div>\n<p>&nbsp;<\/p>\n","protected":false},"excerpt":{"rendered":"<p>AS Hals Trading \u2013 T on asutatud 1996. aastal, et tegeleda sanitaartehniliste toodete impordi ja hulgim\u00fc\u00fcgiga ka L\u00f5una-Eestis.\u00a0\u00a0Firma p\u00f5hineb 100 % Eesti kapitalil. Aastatega on tekkinud meile 12 \u2013 liikmeline stabiilne meeskond. Peame oluliseks tarnida ainult kvaliteetseid tooteid, arvestada meie partnerite vajadusi ning pakkuda paindlikku ja kiiret teenindust. Asume aadressil Sepa 19, Tartu,\u00a0kus on vaba&#8230;  <a class=\"excerpt-read-more\" href=\"https:\/\/hals.ee\/trading-t\/en\/\" title=\"Read Ettev\u00f5ttest\">Read more &raquo;<\/a><\/p>\n","protected":false},"author":1,"featured_media":0,"parent":0,"menu_order":0,"comment_status":"closed","ping_status":"closed","template":"","meta":{"footnotes":""},"class_list":["post-645","page","type-page","status-publish","hentry"],"yoast_head":"<!-- This site is optimized with the Yoast SEO plugin v27.1.1 - https:\/\/yoast.com\/product\/yoast-seo-wordpress\/ -->\n<title>Ettev\u00f5ttest - Hals Trading - T<\/title>\n<meta name=\"robots\" content=\"index, follow, max-snippet:-1, max-image-preview:large, max-video-preview:-1\" \/>\n<link rel=\"canonical\" href=\"https:\/\/hals.ee\/trading-t\/en\/\" \/>\n<meta property=\"og:locale\" content=\"en_US\" \/>\n<meta property=\"og:type\" content=\"article\" \/>\n<meta property=\"og:title\" content=\"Ettev\u00f5ttest - Hals Trading - T\" \/>\n<meta property=\"og:description\" content=\"AS Hals Trading \u2013 T on asutatud 1996. aastal, et tegeleda sanitaartehniliste toodete impordi ja hulgim\u00fc\u00fcgiga ka L\u00f5una-Eestis.\u00a0\u00a0Firma p\u00f5hineb 100 % Eesti kapitalil. Aastatega on tekkinud meile 12 \u2013 liikmeline stabiilne meeskond. Peame oluliseks tarnida ainult kvaliteetseid tooteid, arvestada meie partnerite vajadusi ning pakkuda paindlikku ja kiiret teenindust. Asume aadressil Sepa 19, Tartu,\u00a0kus on vaba... Read more &raquo;\" \/>\n<meta property=\"og:url\" content=\"https:\/\/hals.ee\/trading-t\/en\/\" \/>\n<meta property=\"og:site_name\" content=\"Hals Trading - T\" \/>\n<meta property=\"article:modified_time\" content=\"2025-02-10T06:41:36+00:00\" \/>\n<meta property=\"og:image\" content=\"http:\/\/prelive.hals.ee\/trading-t\/wp-content\/uploads\/sites\/3\/2018\/01\/logo-tradingt-300x32.png\" \/>\n<meta name=\"twitter:card\" content=\"summary_large_image\" \/>\n<meta name=\"twitter:label1\" content=\"Est. reading time\" \/>\n\t<meta name=\"twitter:data1\" content=\"1 minute\" \/>\n<script type=\"application\/ld+json\" class=\"yoast-schema-graph\">{\"@context\":\"https:\/\/schema.org\",\"@graph\":[{\"@type\":\"WebPage\",\"@id\":\"https:\/\/hals.ee\/trading-t\/en\/\",\"url\":\"https:\/\/hals.ee\/trading-t\/en\/\",\"name\":\"Ettev\u00f5ttest - Hals Trading - T\",\"isPartOf\":{\"@id\":\"https:\/\/hals.ee\/trading-t\/#website\"},\"primaryImageOfPage\":{\"@id\":\"https:\/\/hals.ee\/trading-t\/en\/#primaryimage\"},\"image\":{\"@id\":\"https:\/\/hals.ee\/trading-t\/en\/#primaryimage\"},\"thumbnailUrl\":\"http:\/\/prelive.hals.ee\/trading-t\/wp-content\/uploads\/sites\/3\/2018\/01\/logo-tradingt-300x32.png\",\"datePublished\":\"2018-01-26T16:01:25+00:00\",\"dateModified\":\"2025-02-10T06:41:36+00:00\",\"breadcrumb\":{\"@id\":\"https:\/\/hals.ee\/trading-t\/en\/#breadcrumb\"},\"inLanguage\":\"en-US\",\"potentialAction\":[{\"@type\":\"ReadAction\",\"target\":[\"https:\/\/hals.ee\/trading-t\/en\/\"]}]},{\"@type\":\"ImageObject\",\"inLanguage\":\"en-US\",\"@id\":\"https:\/\/hals.ee\/trading-t\/en\/#primaryimage\",\"url\":\"http:\/\/prelive.hals.ee\/trading-t\/wp-content\/uploads\/sites\/3\/2018\/01\/logo-tradingt-300x32.png\",\"contentUrl\":\"http:\/\/prelive.hals.ee\/trading-t\/wp-content\/uploads\/sites\/3\/2018\/01\/logo-tradingt-300x32.png\"},{\"@type\":\"BreadcrumbList\",\"@id\":\"https:\/\/hals.ee\/trading-t\/en\/#breadcrumb\",\"itemListElement\":[{\"@type\":\"ListItem\",\"position\":1,\"name\":\"Home\",\"item\":\"https:\/\/hals.ee\/trading-t\/en\/\"},{\"@type\":\"ListItem\",\"position\":2,\"name\":\"Ettev\u00f5ttest\"}]},{\"@type\":\"WebSite\",\"@id\":\"https:\/\/hals.ee\/trading-t\/#website\",\"url\":\"https:\/\/hals.ee\/trading-t\/\",\"name\":\"Hals Trading - T\",\"description\":\"Hals Trading - T\",\"potentialAction\":[{\"@type\":\"SearchAction\",\"target\":{\"@type\":\"EntryPoint\",\"urlTemplate\":\"https:\/\/hals.ee\/trading-t\/?s={search_term_string}\"},\"query-input\":{\"@type\":\"PropertyValueSpecification\",\"valueRequired\":true,\"valueName\":\"search_term_string\"}}],\"inLanguage\":\"en-US\"}]}<\/script>\n<!-- \/ Yoast SEO plugin. -->","yoast_head_json":{"title":"Ettev\u00f5ttest - Hals Trading - T","robots":{"index":"index","follow":"follow","max-snippet":"max-snippet:-1","max-image-preview":"max-image-preview:large","max-video-preview":"max-video-preview:-1"},"canonical":"https:\/\/hals.ee\/trading-t\/en\/","og_locale":"en_US","og_type":"article","og_title":"Ettev\u00f5ttest - Hals Trading - T","og_description":"AS Hals Trading \u2013 T on asutatud 1996. aastal, et tegeleda sanitaartehniliste toodete impordi ja hulgim\u00fc\u00fcgiga ka L\u00f5una-Eestis.\u00a0\u00a0Firma p\u00f5hineb 100 % Eesti kapitalil. Aastatega on tekkinud meile 12 \u2013 liikmeline stabiilne meeskond. Peame oluliseks tarnida ainult kvaliteetseid tooteid, arvestada meie partnerite vajadusi ning pakkuda paindlikku ja kiiret teenindust. Asume aadressil Sepa 19, Tartu,\u00a0kus on vaba... Read more &raquo;","og_url":"https:\/\/hals.ee\/trading-t\/en\/","og_site_name":"Hals Trading - T","article_modified_time":"2025-02-10T06:41:36+00:00","og_image":[{"url":"http:\/\/prelive.hals.ee\/trading-t\/wp-content\/uploads\/sites\/3\/2018\/01\/logo-tradingt-300x32.png","type":"","width":"","height":""}],"twitter_card":"summary_large_image","twitter_misc":{"Est. reading time":"1 minute"},"schema":{"@context":"https:\/\/schema.org","@graph":[{"@type":"WebPage","@id":"https:\/\/hals.ee\/trading-t\/en\/","url":"https:\/\/hals.ee\/trading-t\/en\/","name":"Ettev\u00f5ttest - Hals Trading - T","isPartOf":{"@id":"https:\/\/hals.ee\/trading-t\/#website"},"primaryImageOfPage":{"@id":"https:\/\/hals.ee\/trading-t\/en\/#primaryimage"},"image":{"@id":"https:\/\/hals.ee\/trading-t\/en\/#primaryimage"},"thumbnailUrl":"http:\/\/prelive.hals.ee\/trading-t\/wp-content\/uploads\/sites\/3\/2018\/01\/logo-tradingt-300x32.png","datePublished":"2018-01-26T16:01:25+00:00","dateModified":"2025-02-10T06:41:36+00:00","breadcrumb":{"@id":"https:\/\/hals.ee\/trading-t\/en\/#breadcrumb"},"inLanguage":"en-US","potentialAction":[{"@type":"ReadAction","target":["https:\/\/hals.ee\/trading-t\/en\/"]}]},{"@type":"ImageObject","inLanguage":"en-US","@id":"https:\/\/hals.ee\/trading-t\/en\/#primaryimage","url":"http:\/\/prelive.hals.ee\/trading-t\/wp-content\/uploads\/sites\/3\/2018\/01\/logo-tradingt-300x32.png","contentUrl":"http:\/\/prelive.hals.ee\/trading-t\/wp-content\/uploads\/sites\/3\/2018\/01\/logo-tradingt-300x32.png"},{"@type":"BreadcrumbList","@id":"https:\/\/hals.ee\/trading-t\/en\/#breadcrumb","itemListElement":[{"@type":"ListItem","position":1,"name":"Home","item":"https:\/\/hals.ee\/trading-t\/en\/"},{"@type":"ListItem","position":2,"name":"Ettev\u00f5ttest"}]},{"@type":"WebSite","@id":"https:\/\/hals.ee\/trading-t\/#website","url":"https:\/\/hals.ee\/trading-t\/","name":"Hals Trading - T","description":"Hals Trading - T","potentialAction":[{"@type":"SearchAction","target":{"@type":"EntryPoint","urlTemplate":"https:\/\/hals.ee\/trading-t\/?s={search_term_string}"},"query-input":{"@type":"PropertyValueSpecification","valueRequired":true,"valueName":"search_term_string"}}],"inLanguage":"en-US"}]}},"_links":{"self":[{"href":"https:\/\/hals.ee\/trading-t\/en\/wp-json\/wp\/v2\/pages\/645","targetHints":{"allow":["GET"]}}],"collection":[{"href":"https:\/\/hals.ee\/trading-t\/en\/wp-json\/wp\/v2\/pages"}],"about":[{"href":"https:\/\/hals.ee\/trading-t\/en\/wp-json\/wp\/v2\/types\/page"}],"author":[{"embeddable":true,"href":"https:\/\/hals.ee\/trading-t\/en\/wp-json\/wp\/v2\/users\/1"}],"replies":[{"embeddable":true,"href":"https:\/\/hals.ee\/trading-t\/en\/wp-json\/wp\/v2\/comments?post=645"}],"version-history":[{"count":9,"href":"https:\/\/hals.ee\/trading-t\/en\/wp-json\/wp\/v2\/pages\/645\/revisions"}],"predecessor-version":[{"id":1178,"href":"https:\/\/hals.ee\/trading-t\/en\/wp-json\/wp\/v2\/pages\/645\/revisions\/1178"}],"wp:attachment":[{"href":"https:\/\/hals.ee\/trading-t\/en\/wp-json\/wp\/v2\/media?parent=645"}],"curies":[{"name":"wp","href":"https:\/\/api.w.org\/{rel}","templated":true}]}}