{"id":345,"date":"2018-01-19T10:40:07","date_gmt":"2018-01-19T08:40:07","guid":{"rendered":"http:\/\/prelive.hals.ee\/meist\/"},"modified":"2023-05-23T14:48:55","modified_gmt":"2023-05-23T11:48:55","slug":"meist","status":"publish","type":"page","link":"https:\/\/hals.ee\/ru\/meist\/","title":{"rendered":"Meist"},"content":{"rendered":"<img loading=\"lazy\" decoding=\"async\" class=\"alignleft wp-image-363 size-medium\" src=\"http:\/\/prelive.hals.ee\/wp-content\/uploads\/2018\/03\/logo-trading-300x38.png\" alt=\"Hals Trading logo\" width=\"300\" height=\"38\" srcset=\"https:\/\/hals.ee\/wp-content\/uploads\/2018\/03\/logo-trading-300x38.png 300w, https:\/\/hals.ee\/wp-content\/uploads\/2018\/03\/logo-trading.png 320w\" sizes=\"auto, (max-width: 300px) 100vw, 300px\" \/>\n<a href=\"https:\/\/www.koda.ee\/\"><img decoding=\"async\" class=\"alignleft size-full wp-image-876\" src=\"https:\/\/hals.ee\/wp-content\/uploads\/2019\/12\/koda-liige-est-logo-horiz.jpg\" alt=\"\" width=\"30%\" height=\"50%\" srcset=\"https:\/\/hals.ee\/wp-content\/uploads\/2019\/12\/koda-liige-est-logo-horiz.jpg 1654w, https:\/\/hals.ee\/wp-content\/uploads\/2019\/12\/koda-liige-est-logo-horiz-300x129.jpg 300w, https:\/\/hals.ee\/wp-content\/uploads\/2019\/12\/koda-liige-est-logo-horiz-768x329.jpg 768w, https:\/\/hals.ee\/wp-content\/uploads\/2019\/12\/koda-liige-est-logo-horiz-1024x439.jpg 1024w, https:\/\/hals.ee\/wp-content\/uploads\/2019\/12\/koda-liige-est-logo-horiz-1200x514.jpg 1200w, https:\/\/hals.ee\/wp-content\/uploads\/2019\/12\/koda-liige-est-logo-horiz-150x64.jpg 150w\" sizes=\"(max-width: 1654px) 100vw, 1654px\" \/><\/a>\n<p>&nbsp;<\/p>\n<p>&nbsp;<\/p>\n<p>&nbsp;<\/p>\n<p>&nbsp;<\/p>\n<p>AS Hals Trading on sanitaartehniliste toodete impordi ning hulgim\u00fc\u00fcgiga tegelev, Eesti kapitalil p\u00f5hinev ettev\u00f5te. Ajalugu viib meid tagasi aastasse 1991, mil alustas t\u00f6\u00f6d AS Hals valukoda Viljandis. Arengu loogilise j\u00e4tkuna asutati 1994 aastal AS Hals Trading ehk siis tootjast-eksportijast kasvas kolme aastaga v\u00e4lja importija-hulgim\u00fc\u00fcja ettev\u00f5te. L\u00f5una-Eesti klientide paremaks teenindamiseks loodi 1996 aastal Tartusse t\u00fctarettev\u00f5te AS Hals Trading-T. 2019 aastal valmis meil Tartus uus maja, Sepa 19, kus on vaba kaubandus- ja b\u00fcroopinda rendile anda.<\/p>\n<p>Alates 1999 aastast kuni 30.06.2011 tegutsesime ka L\u00e4ti turul, SIA Hals Trading nime all. T\u00e4naseks on L\u00e4ti ettev\u00f5ttel uus omanik ja nimi, HLS Trading Ltd.<\/p>\n<p>AS Hals Trading on enda jaoks oluliseks pidanud kolme p\u00f5him\u00f5tet:<\/p>\n<p>\u2013 tarnida ainult kvaliteetseid tooteid<\/p>\n<p>\u2013 arvestada meie partnerite vajadusi, pakkudes paindlikku ja kvaliteetset teenindust<\/p>\n<p>\u2013 p\u00fcsida turul importija ja hulgim\u00fc\u00fcja rollis, omamata jaekaubandust.<\/p>\n<p>Importijana on AS Hals Trading aastate jooksul leidnud mitmeid juhtivaid Euroopa tootjaid ja kaubam\u00e4rke, mida Eesti turul esindada. Importijana n\u00e4eme oma rolli olla vahel\u00fcliks erinevate huvide ja vajaduste vahel. \u00dchelt poolt eksisteerib tootja soov pakkuda Eesti turul oma tooteid ning teiselt poolt kohaliku turu huvi saada v\u00f5imalikult h\u00e4id alternatiivseid valikuid. Meie \u00fclesandeks ongi v\u00f5etud rollist tulenevaid kohustusi v\u00f5imalikult h\u00e4sti t\u00e4ita.<\/p>\n<p>Selleks, et pakkuda oma klientidele v\u00f5imalikult head ja laia kaubavalikut, on meie nomenklatuuris lisaks importkaubale veel ka mitmete kohalike valmistajate ning maaletoojate tooteid. Nii suudame garanteerida laia tootevaliku ja kiire teeninduse.<\/p>\n<p>&nbsp;<\/p>\n<img loading=\"lazy\" decoding=\"async\" class=\"alignnone wp-image-371 size-medium\" src=\"http:\/\/prelive.hals.ee\/wp-content\/uploads\/2018\/03\/logo-interiors-300x34.png\" alt=\"Hals Interiors logo\" width=\"300\" height=\"34\" srcset=\"https:\/\/hals.ee\/wp-content\/uploads\/2018\/03\/logo-interiors-300x34.png 300w, https:\/\/hals.ee\/wp-content\/uploads\/2018\/03\/logo-interiors.png 353w\" sizes=\"auto, (max-width: 300px) 100vw, 300px\" \/>\n<p>Keskkond on see, mis inimest \u00fcmbritseb. Looduslik keskkond s\u00f5ltub sellest, millisesse geograafilisse punkti oleme sattunud elama. Meie \u00f5nn on elada Eestimaal, oma nelja erineva aastaajaga ning seni veel oluliselt r\u00e4simata loodusega. See on keskkond, mida tuleb hoida ja s\u00e4ilitada.<\/p>\n<p>Oma igap\u00e4evaseid askeldusi toimetame me juba inimese enda poolt loodud keskkonnas, elik tehiskeskkonnas, olgu see siis kodu, t\u00f6\u00f6koht v\u00f5i avalik ruum. V\u00e4he leidub inimesi, kes ei hooli teda \u00fcmbritseva keskkonna seisukorrast ja v\u00e4ljan\u00e4gemisest. Kes meist ei sooviks n\u00e4ha ja tunda enda \u00fcmber mugavat ja esteetiliselt nauditavat ruumi.<\/p>\n<p>Kombineerides erinevate komponentidega, luuaksegi kokkuv\u00f5ttes sobilik keskkond, olgu see siis olemasolevat hoonet remontides v\u00f5i ehitades uut. \u00dchiskondlike\/avalike ruumide kujundamine on reeglina selle ala asjatundjate \u2013 arhitektide t\u00f6\u00f6ks. Kodud kujundatakse tavap\u00e4raselt oma hea \u00e4ratundmise j\u00e4rgi ja rahakoti v\u00f5imaluste kohaselt. Elustandardi paranedes on ka siin aina rohkem kaasatud professionaalid.<\/p>\n<p>Hals Interiors, olles vahel\u00fcliks tootedisaineri\/tootja ja tarbija vahel, \u00fcritab pakkuda t\u00e4iendust \u00fclalmainitud komponentide valikusse. Meie tootevaliku p\u00f5hjusm\u00f5teteks on aina olnud pakutavate toodete kestvus ja esteetilisus.<\/p>\n<p>Maaletooja, hulgim\u00fc\u00fcja positsioon ning kaubam\u00e4rkide esindamine turul eeldab nende toodete p\u00f5hjalikku tundmist. See asjaolu saigi m\u00e4\u00e4ravaks AS Hals Tradingust eraldumiseks ning uue ettev\u00f5tte O\u00dc Hals Interiors asutamiseks\u00a02003.\u00a0aastal.<\/p>\n<p>Kogu mahus ja t\u00e4ie vastutusega nii oma tarnijate kui ka klientide jaoks alustasime t\u00f6\u00f6d\u00a01.\u00a0jaanuarist\u00a02004.<\/p>\n<p>Loodetavasti on meie kodulehel leiduvast informatsioonist abi ka teile.<\/p>\n<p>&nbsp;<\/p>\n<img loading=\"lazy\" decoding=\"async\" class=\"alignnone wp-image-375 size-medium\" src=\"http:\/\/prelive.hals.ee\/wp-content\/uploads\/2018\/03\/logo-tradingt-300x32.png\" alt=\"Hals Trading-T logo\" width=\"300\" height=\"32\" srcset=\"https:\/\/hals.ee\/wp-content\/uploads\/2018\/03\/logo-tradingt-300x32.png 300w, https:\/\/hals.ee\/wp-content\/uploads\/2018\/03\/logo-tradingt.png 377w\" sizes=\"auto, (max-width: 300px) 100vw, 300px\" \/>\n<p>AS Hals Trading \u2013 T on asutatud 1996. aastal, et tegeleda sanitaartehniliste toodete impordi ja hulgim\u00fc\u00fcgiga ka L\u00f5una-Eestis.\u00a0\u00a0Firma p\u00f5hineb 100 % Eesti kapitalil. Aastatega on tekkinud meile 10 \u2013 liikmeline stabiilne meeskond. Peame oluliseks tarnida ainult kvaliteetseid tooteid, arvestada meie partnerite vajadusi ning pakkuda paindlikku ja kiiret teenindust.<\/p>\n<p>Alates 2019 tegutseme uues majas, Sepa 19, kus on veel vaba kaubandus- ja b\u00fcroopinda rendile anda.<\/p>\n<p>&nbsp;<\/p>\n<img loading=\"lazy\" decoding=\"async\" class=\"alignnone wp-image-379 size-medium\" src=\"http:\/\/prelive.hals.ee\/wp-content\/uploads\/2018\/03\/logo-htrsupport-300x34.png\" alt=\"HTR Support logo\" width=\"300\" height=\"34\" srcset=\"https:\/\/hals.ee\/wp-content\/uploads\/2018\/03\/logo-htrsupport-300x34.png 300w, https:\/\/hals.ee\/wp-content\/uploads\/2018\/03\/logo-htrsupport.png 350w\" sizes=\"auto, (max-width: 300px) 100vw, 300px\" \/>\n<p>HTR Support O\u00dc p\u00f5hitegevuseks on lao- ja b\u00fcroopindade v\u00e4lja \u00fc\u00fcrimine, endale kuuluva kinnisvara haldamine, transpordivahendite rentimine, b\u00fcroo- ja laoteenuste pakkumine.<\/p>\n<p>Meie klientideks on Eesti turul omal alal tegutsevad juhtivad ettev\u00f5tted.<\/p>\n<p>Tallinnas on meie ankurrentnikuteks AS Hals Trading ja O\u00dc Hals Interiors, Tartus AS Hals Trading-T.<\/p>\n<p>Antud ettev\u00f5tted on meie suurimad kliendid, kelle abistamiseks ja teenindamiseks on meil mehitatud 9- liikmeline meeskond.<\/p>\n<p>2019 aastal valminud, Tartu esimeses liginullenergia b\u00fcroo- ja laohoones aadressil Sepa 19 on hetkel veel pakkuda erineva suurusega rendipindu.<br \/>\nT\u00e4psem info leidub siit: <a href=\"https:\/\/sepa19.ee\/\" target=\"_blank\" rel=\"noopener noreferrer\">www.sepa19.ee<\/a><\/p>\n","protected":false},"excerpt":{"rendered":"<p>&nbsp; &nbsp; &nbsp; &nbsp; AS Hals Trading on sanitaartehniliste toodete impordi ning hulgim\u00fc\u00fcgiga tegelev, Eesti kapitalil p\u00f5hinev ettev\u00f5te. Ajalugu viib meid tagasi aastasse 1991, mil alustas t\u00f6\u00f6d AS Hals valukoda Viljandis. Arengu loogilise j\u00e4tkuna asutati 1994 aastal AS Hals Trading ehk siis tootjast-eksportijast kasvas kolme aastaga v\u00e4lja importija-hulgim\u00fc\u00fcja ettev\u00f5te. L\u00f5una-Eesti klientide paremaks teenindamiseks loodi 1996&#8230;  <a class=\"excerpt-read-more\" href=\"https:\/\/hals.ee\/ru\/meist\/\" title=\"Read Meist\">Read more &raquo;<\/a><\/p>\n","protected":false},"author":1,"featured_media":0,"parent":0,"menu_order":0,"comment_status":"closed","ping_status":"closed","template":"page-about.php","meta":{"footnotes":""},"class_list":["post-345","page","type-page","status-publish","hentry"],"yoast_head":"<!-- This site is optimized with the Yoast SEO plugin v27.1.1 - https:\/\/yoast.com\/product\/yoast-seo-wordpress\/ -->\n<title>Meist - Hals<\/title>\n<meta name=\"robots\" content=\"index, follow, max-snippet:-1, max-image-preview:large, max-video-preview:-1\" \/>\n<link rel=\"canonical\" href=\"https:\/\/hals.ee\/ru\/meist\/\" \/>\n<meta property=\"og:locale\" content=\"ru_RU\" \/>\n<meta property=\"og:type\" content=\"article\" \/>\n<meta property=\"og:title\" content=\"Meist - Hals\" \/>\n<meta property=\"og:description\" content=\"&nbsp; &nbsp; &nbsp; &nbsp; AS Hals Trading on sanitaartehniliste toodete impordi ning hulgim\u00fc\u00fcgiga tegelev, Eesti kapitalil p\u00f5hinev ettev\u00f5te. Ajalugu viib meid tagasi aastasse 1991, mil alustas t\u00f6\u00f6d AS Hals valukoda Viljandis. Arengu loogilise j\u00e4tkuna asutati 1994 aastal AS Hals Trading ehk siis tootjast-eksportijast kasvas kolme aastaga v\u00e4lja importija-hulgim\u00fc\u00fcja ettev\u00f5te. L\u00f5una-Eesti klientide paremaks teenindamiseks loodi 1996... Read more &raquo;\" \/>\n<meta property=\"og:url\" content=\"https:\/\/hals.ee\/ru\/meist\/\" \/>\n<meta property=\"og:site_name\" content=\"Hals\" \/>\n<meta property=\"article:modified_time\" content=\"2023-05-23T11:48:55+00:00\" \/>\n<meta property=\"og:image\" content=\"http:\/\/prelive.hals.ee\/wp-content\/uploads\/2018\/03\/logo-trading-300x38.png\" \/>\n<meta name=\"twitter:card\" content=\"summary_large_image\" \/>\n<meta name=\"twitter:label1\" content=\"\u041f\u0440\u0438\u043c\u0435\u0440\u043d\u043e\u0435 \u0432\u0440\u0435\u043c\u044f \u0434\u043b\u044f \u0447\u0442\u0435\u043d\u0438\u044f\" \/>\n\t<meta name=\"twitter:data1\" content=\"5 \u043c\u0438\u043d\u0443\u0442\" \/>\n<script type=\"application\/ld+json\" class=\"yoast-schema-graph\">{\"@context\":\"https:\/\/schema.org\",\"@graph\":[{\"@type\":\"WebPage\",\"@id\":\"https:\/\/hals.ee\/ru\/meist\/\",\"url\":\"https:\/\/hals.ee\/ru\/meist\/\",\"name\":\"Meist - Hals\",\"isPartOf\":{\"@id\":\"https:\/\/hals.ee\/#website\"},\"primaryImageOfPage\":{\"@id\":\"https:\/\/hals.ee\/ru\/meist\/#primaryimage\"},\"image\":{\"@id\":\"https:\/\/hals.ee\/ru\/meist\/#primaryimage\"},\"thumbnailUrl\":\"http:\/\/prelive.hals.ee\/wp-content\/uploads\/2018\/03\/logo-trading-300x38.png\",\"datePublished\":\"2018-01-19T08:40:07+00:00\",\"dateModified\":\"2023-05-23T11:48:55+00:00\",\"breadcrumb\":{\"@id\":\"https:\/\/hals.ee\/ru\/meist\/#breadcrumb\"},\"inLanguage\":\"ru-RU\",\"potentialAction\":[{\"@type\":\"ReadAction\",\"target\":[\"https:\/\/hals.ee\/ru\/meist\/\"]}]},{\"@type\":\"ImageObject\",\"inLanguage\":\"ru-RU\",\"@id\":\"https:\/\/hals.ee\/ru\/meist\/#primaryimage\",\"url\":\"http:\/\/prelive.hals.ee\/wp-content\/uploads\/2018\/03\/logo-trading-300x38.png\",\"contentUrl\":\"http:\/\/prelive.hals.ee\/wp-content\/uploads\/2018\/03\/logo-trading-300x38.png\"},{\"@type\":\"BreadcrumbList\",\"@id\":\"https:\/\/hals.ee\/ru\/meist\/#breadcrumb\",\"itemListElement\":[{\"@type\":\"ListItem\",\"position\":1,\"name\":\"Home\",\"item\":\"https:\/\/hals.ee\/ru\/\"},{\"@type\":\"ListItem\",\"position\":2,\"name\":\"Meist\"}]},{\"@type\":\"WebSite\",\"@id\":\"https:\/\/hals.ee\/#website\",\"url\":\"https:\/\/hals.ee\/\",\"name\":\"Hals\",\"description\":\"Sanitaartehniliste toodete import ning hulgim\u00fc\u00fck\",\"potentialAction\":[{\"@type\":\"SearchAction\",\"target\":{\"@type\":\"EntryPoint\",\"urlTemplate\":\"https:\/\/hals.ee\/?s={search_term_string}\"},\"query-input\":{\"@type\":\"PropertyValueSpecification\",\"valueRequired\":true,\"valueName\":\"search_term_string\"}}],\"inLanguage\":\"ru-RU\"}]}<\/script>\n<!-- \/ Yoast SEO plugin. -->","yoast_head_json":{"title":"Meist - Hals","robots":{"index":"index","follow":"follow","max-snippet":"max-snippet:-1","max-image-preview":"max-image-preview:large","max-video-preview":"max-video-preview:-1"},"canonical":"https:\/\/hals.ee\/ru\/meist\/","og_locale":"ru_RU","og_type":"article","og_title":"Meist - Hals","og_description":"&nbsp; &nbsp; &nbsp; &nbsp; AS Hals Trading on sanitaartehniliste toodete impordi ning hulgim\u00fc\u00fcgiga tegelev, Eesti kapitalil p\u00f5hinev ettev\u00f5te. Ajalugu viib meid tagasi aastasse 1991, mil alustas t\u00f6\u00f6d AS Hals valukoda Viljandis. Arengu loogilise j\u00e4tkuna asutati 1994 aastal AS Hals Trading ehk siis tootjast-eksportijast kasvas kolme aastaga v\u00e4lja importija-hulgim\u00fc\u00fcja ettev\u00f5te. L\u00f5una-Eesti klientide paremaks teenindamiseks loodi 1996... Read more &raquo;","og_url":"https:\/\/hals.ee\/ru\/meist\/","og_site_name":"Hals","article_modified_time":"2023-05-23T11:48:55+00:00","og_image":[{"url":"http:\/\/prelive.hals.ee\/wp-content\/uploads\/2018\/03\/logo-trading-300x38.png","type":"","width":"","height":""}],"twitter_card":"summary_large_image","twitter_misc":{"\u041f\u0440\u0438\u043c\u0435\u0440\u043d\u043e\u0435 \u0432\u0440\u0435\u043c\u044f \u0434\u043b\u044f \u0447\u0442\u0435\u043d\u0438\u044f":"5 \u043c\u0438\u043d\u0443\u0442"},"schema":{"@context":"https:\/\/schema.org","@graph":[{"@type":"WebPage","@id":"https:\/\/hals.ee\/ru\/meist\/","url":"https:\/\/hals.ee\/ru\/meist\/","name":"Meist - Hals","isPartOf":{"@id":"https:\/\/hals.ee\/#website"},"primaryImageOfPage":{"@id":"https:\/\/hals.ee\/ru\/meist\/#primaryimage"},"image":{"@id":"https:\/\/hals.ee\/ru\/meist\/#primaryimage"},"thumbnailUrl":"http:\/\/prelive.hals.ee\/wp-content\/uploads\/2018\/03\/logo-trading-300x38.png","datePublished":"2018-01-19T08:40:07+00:00","dateModified":"2023-05-23T11:48:55+00:00","breadcrumb":{"@id":"https:\/\/hals.ee\/ru\/meist\/#breadcrumb"},"inLanguage":"ru-RU","potentialAction":[{"@type":"ReadAction","target":["https:\/\/hals.ee\/ru\/meist\/"]}]},{"@type":"ImageObject","inLanguage":"ru-RU","@id":"https:\/\/hals.ee\/ru\/meist\/#primaryimage","url":"http:\/\/prelive.hals.ee\/wp-content\/uploads\/2018\/03\/logo-trading-300x38.png","contentUrl":"http:\/\/prelive.hals.ee\/wp-content\/uploads\/2018\/03\/logo-trading-300x38.png"},{"@type":"BreadcrumbList","@id":"https:\/\/hals.ee\/ru\/meist\/#breadcrumb","itemListElement":[{"@type":"ListItem","position":1,"name":"Home","item":"https:\/\/hals.ee\/ru\/"},{"@type":"ListItem","position":2,"name":"Meist"}]},{"@type":"WebSite","@id":"https:\/\/hals.ee\/#website","url":"https:\/\/hals.ee\/","name":"Hals","description":"Sanitaartehniliste toodete import ning hulgim\u00fc\u00fck","potentialAction":[{"@type":"SearchAction","target":{"@type":"EntryPoint","urlTemplate":"https:\/\/hals.ee\/?s={search_term_string}"},"query-input":{"@type":"PropertyValueSpecification","valueRequired":true,"valueName":"search_term_string"}}],"inLanguage":"ru-RU"}]}},"_links":{"self":[{"href":"https:\/\/hals.ee\/ru\/wp-json\/wp\/v2\/pages\/345","targetHints":{"allow":["GET"]}}],"collection":[{"href":"https:\/\/hals.ee\/ru\/wp-json\/wp\/v2\/pages"}],"about":[{"href":"https:\/\/hals.ee\/ru\/wp-json\/wp\/v2\/types\/page"}],"author":[{"embeddable":true,"href":"https:\/\/hals.ee\/ru\/wp-json\/wp\/v2\/users\/1"}],"replies":[{"embeddable":true,"href":"https:\/\/hals.ee\/ru\/wp-json\/wp\/v2\/comments?post=345"}],"version-history":[{"count":16,"href":"https:\/\/hals.ee\/ru\/wp-json\/wp\/v2\/pages\/345\/revisions"}],"predecessor-version":[{"id":1668,"href":"https:\/\/hals.ee\/ru\/wp-json\/wp\/v2\/pages\/345\/revisions\/1668"}],"wp:attachment":[{"href":"https:\/\/hals.ee\/ru\/wp-json\/wp\/v2\/media?parent=345"}],"curies":[{"name":"wp","href":"https:\/\/api.w.org\/{rel}","templated":true}]}}