{"id":13229,"date":"2018-01-19T11:15:56","date_gmt":"2018-01-19T09:15:56","guid":{"rendered":"http:\/\/demo2.opus.ee\/hals\/interiors\/?page_id=13229"},"modified":"2023-03-20T10:10:42","modified_gmt":"2023-03-20T08:10:42","slug":"teenustoode-hinnad","status":"publish","type":"page","link":"https:\/\/hals.ee\/interiors\/teenused\/teenustoode-hinnad\/","title":{"rendered":"Teenust\u00f6\u00f6de hinnad"},"content":{"rendered":"<p>Sanitaartehniliste t\u00f6\u00f6de tellimiseks palun \u00fchendust v\u00f5tta meie meistriga\u00a0<strong>Rein Martsepp, tel. \u00a05625 5585<\/strong><\/p>\n<p>Meister p\u00fc\u00fcab telefonitsi tuvastada probleemse toote ning hinnata, kui palju v\u00f5ib toote remont maksma minna. Minimaalne v\u00e4ljakutse tasu on \u00fche t\u00f6\u00f6tunni tasu, millele eraldi v\u00e4ljas\u00f5idutasu Tallinna piires ei lisandu. T\u00f6\u00f6aja samm peale esimest tundi on 30 minutit. O\u00dc Hals Interiors meistril v\u00f5i tema poolt volitatud isikul on \u00f5igus otsustada, kas tegemist on garantiiremondi v\u00f5i korralise (tasulise) remondiga. Korralise remondi korral rakenduvad t\u00f6\u00f6de teostamiseks ametliku hinnakirja hinnad. Hinnale lisandub omavalitsusorganites kehtestatud parkimistasu, juhul kui see osutub vajalikuks.<\/p>\n<p><strong>Sanitaartehnilised t\u00f6\u00f6d:<\/strong> 72,00 \u20ac \/ tund<\/p>\n<p><strong>Sanitaartehnilised t\u00f6\u00f6d meie majas:<\/strong> 60,00 \u20ac \/ tund<\/p>\n<p>V\u00e4ljaspool Tallinna piiri on hind kokkuleppel.<\/p>\n<p>Hinnad sisaldavad k\u00e4ibemaksu.<\/p>\n<p>Kehtivad alates 01.03.2023.<\/p>\n<p>Eraisikutega arveldatakse ka sularahas.<\/p>\n<p>&nbsp;<\/p>\n","protected":false},"excerpt":{"rendered":"<p>Sanitaartehniliste t\u00f6\u00f6de tellimiseks palun \u00fchendust v\u00f5tta meie meistriga\u00a0Rein Martsepp, tel. \u00a05625 5585 Meister p\u00fc\u00fcab telefonitsi tuvastada probleemse toote ning hinnata, kui palju v\u00f5ib toote remont maksma minna. Minimaalne v\u00e4ljakutse tasu on \u00fche t\u00f6\u00f6tunni tasu, millele eraldi v\u00e4ljas\u00f5idutasu Tallinna piires ei lisandu. T\u00f6\u00f6aja samm peale esimest tundi on 30 minutit. O\u00dc Hals Interiors meistril v\u00f5i tema&#8230;  <a class=\"excerpt-read-more\" href=\"https:\/\/hals.ee\/interiors\/teenused\/teenustoode-hinnad\/\" title=\"Read Teenust\u00f6\u00f6de hinnad\">Read more &raquo;<\/a><\/p>\n","protected":false},"author":1,"featured_media":0,"parent":13226,"menu_order":0,"comment_status":"closed","ping_status":"closed","template":"page-services.php","meta":{"footnotes":""},"class_list":["post-13229","page","type-page","status-publish","hentry"],"yoast_head":"<!-- This site is optimized with the Yoast SEO plugin v27.1.1 - https:\/\/yoast.com\/product\/yoast-seo-wordpress\/ -->\n<title>Teenust\u00f6\u00f6de hinnad<\/title>\n<meta name=\"robots\" content=\"index, follow, max-snippet:-1, max-image-preview:large, max-video-preview:-1\" \/>\n<link rel=\"canonical\" href=\"https:\/\/hals.ee\/interiors\/teenused\/teenustoode-hinnad\/\" \/>\n<meta property=\"og:locale\" content=\"et_EE\" \/>\n<meta property=\"og:type\" content=\"article\" \/>\n<meta property=\"og:title\" content=\"Teenust\u00f6\u00f6de hinnad\" \/>\n<meta property=\"og:description\" content=\"Sanitaartehniliste t\u00f6\u00f6de tellimiseks palun \u00fchendust v\u00f5tta meie meistriga\u00a0Rein Martsepp, tel. \u00a05625 5585 Meister p\u00fc\u00fcab telefonitsi tuvastada probleemse toote ning hinnata, kui palju v\u00f5ib toote remont maksma minna. Minimaalne v\u00e4ljakutse tasu on \u00fche t\u00f6\u00f6tunni tasu, millele eraldi v\u00e4ljas\u00f5idutasu Tallinna piires ei lisandu. T\u00f6\u00f6aja samm peale esimest tundi on 30 minutit. O\u00dc Hals Interiors meistril v\u00f5i tema... Read more &raquo;\" \/>\n<meta property=\"og:url\" content=\"https:\/\/hals.ee\/interiors\/teenused\/teenustoode-hinnad\/\" \/>\n<meta property=\"og:site_name\" content=\"Hals Interiors\" \/>\n<meta property=\"article:modified_time\" content=\"2023-03-20T08:10:42+00:00\" \/>\n<meta name=\"twitter:card\" content=\"summary_large_image\" \/>\n<meta name=\"twitter:label1\" content=\"Est. reading time\" \/>\n\t<meta name=\"twitter:data1\" content=\"1 minut\" \/>\n<script type=\"application\/ld+json\" class=\"yoast-schema-graph\">{\"@context\":\"https:\/\/schema.org\",\"@graph\":[{\"@type\":\"WebPage\",\"@id\":\"https:\/\/hals.ee\/interiors\/teenused\/teenustoode-hinnad\/\",\"url\":\"https:\/\/hals.ee\/interiors\/teenused\/teenustoode-hinnad\/\",\"name\":\"Teenust\u00f6\u00f6de hinnad\",\"isPartOf\":{\"@id\":\"https:\/\/hals.ee\/interiors\/#website\"},\"datePublished\":\"2018-01-19T09:15:56+00:00\",\"dateModified\":\"2023-03-20T08:10:42+00:00\",\"breadcrumb\":{\"@id\":\"https:\/\/hals.ee\/interiors\/teenused\/teenustoode-hinnad\/#breadcrumb\"},\"inLanguage\":\"et\",\"potentialAction\":[{\"@type\":\"ReadAction\",\"target\":[\"https:\/\/hals.ee\/interiors\/teenused\/teenustoode-hinnad\/\"]}]},{\"@type\":\"BreadcrumbList\",\"@id\":\"https:\/\/hals.ee\/interiors\/teenused\/teenustoode-hinnad\/#breadcrumb\",\"itemListElement\":[{\"@type\":\"ListItem\",\"position\":1,\"name\":\"Home\",\"item\":\"https:\/\/hals.ee\/interiors\/\"},{\"@type\":\"ListItem\",\"position\":2,\"name\":\"Teenused\",\"item\":\"https:\/\/hals.ee\/interiors\/teenused\/\"},{\"@type\":\"ListItem\",\"position\":3,\"name\":\"Teenust\u00f6\u00f6de hinnad\"}]},{\"@type\":\"WebSite\",\"@id\":\"https:\/\/hals.ee\/interiors\/#website\",\"url\":\"https:\/\/hals.ee\/interiors\/\",\"name\":\"Hals Interiors\",\"description\":\"Professionaali valik juba 25 aastat\",\"potentialAction\":[{\"@type\":\"SearchAction\",\"target\":{\"@type\":\"EntryPoint\",\"urlTemplate\":\"https:\/\/hals.ee\/interiors\/?s={search_term_string}\"},\"query-input\":{\"@type\":\"PropertyValueSpecification\",\"valueRequired\":true,\"valueName\":\"search_term_string\"}}],\"inLanguage\":\"et\"}]}<\/script>\n<!-- \/ Yoast SEO plugin. -->","yoast_head_json":{"title":"Teenust\u00f6\u00f6de hinnad","robots":{"index":"index","follow":"follow","max-snippet":"max-snippet:-1","max-image-preview":"max-image-preview:large","max-video-preview":"max-video-preview:-1"},"canonical":"https:\/\/hals.ee\/interiors\/teenused\/teenustoode-hinnad\/","og_locale":"et_EE","og_type":"article","og_title":"Teenust\u00f6\u00f6de hinnad","og_description":"Sanitaartehniliste t\u00f6\u00f6de tellimiseks palun \u00fchendust v\u00f5tta meie meistriga\u00a0Rein Martsepp, tel. \u00a05625 5585 Meister p\u00fc\u00fcab telefonitsi tuvastada probleemse toote ning hinnata, kui palju v\u00f5ib toote remont maksma minna. Minimaalne v\u00e4ljakutse tasu on \u00fche t\u00f6\u00f6tunni tasu, millele eraldi v\u00e4ljas\u00f5idutasu Tallinna piires ei lisandu. T\u00f6\u00f6aja samm peale esimest tundi on 30 minutit. O\u00dc Hals Interiors meistril v\u00f5i tema... Read more &raquo;","og_url":"https:\/\/hals.ee\/interiors\/teenused\/teenustoode-hinnad\/","og_site_name":"Hals Interiors","article_modified_time":"2023-03-20T08:10:42+00:00","twitter_card":"summary_large_image","twitter_misc":{"Est. reading time":"1 minut"},"schema":{"@context":"https:\/\/schema.org","@graph":[{"@type":"WebPage","@id":"https:\/\/hals.ee\/interiors\/teenused\/teenustoode-hinnad\/","url":"https:\/\/hals.ee\/interiors\/teenused\/teenustoode-hinnad\/","name":"Teenust\u00f6\u00f6de hinnad","isPartOf":{"@id":"https:\/\/hals.ee\/interiors\/#website"},"datePublished":"2018-01-19T09:15:56+00:00","dateModified":"2023-03-20T08:10:42+00:00","breadcrumb":{"@id":"https:\/\/hals.ee\/interiors\/teenused\/teenustoode-hinnad\/#breadcrumb"},"inLanguage":"et","potentialAction":[{"@type":"ReadAction","target":["https:\/\/hals.ee\/interiors\/teenused\/teenustoode-hinnad\/"]}]},{"@type":"BreadcrumbList","@id":"https:\/\/hals.ee\/interiors\/teenused\/teenustoode-hinnad\/#breadcrumb","itemListElement":[{"@type":"ListItem","position":1,"name":"Home","item":"https:\/\/hals.ee\/interiors\/"},{"@type":"ListItem","position":2,"name":"Teenused","item":"https:\/\/hals.ee\/interiors\/teenused\/"},{"@type":"ListItem","position":3,"name":"Teenust\u00f6\u00f6de hinnad"}]},{"@type":"WebSite","@id":"https:\/\/hals.ee\/interiors\/#website","url":"https:\/\/hals.ee\/interiors\/","name":"Hals Interiors","description":"Professionaali valik juba 25 aastat","potentialAction":[{"@type":"SearchAction","target":{"@type":"EntryPoint","urlTemplate":"https:\/\/hals.ee\/interiors\/?s={search_term_string}"},"query-input":{"@type":"PropertyValueSpecification","valueRequired":true,"valueName":"search_term_string"}}],"inLanguage":"et"}]}},"_links":{"self":[{"href":"https:\/\/hals.ee\/interiors\/wp-json\/wp\/v2\/pages\/13229","targetHints":{"allow":["GET"]}}],"collection":[{"href":"https:\/\/hals.ee\/interiors\/wp-json\/wp\/v2\/pages"}],"about":[{"href":"https:\/\/hals.ee\/interiors\/wp-json\/wp\/v2\/types\/page"}],"author":[{"embeddable":true,"href":"https:\/\/hals.ee\/interiors\/wp-json\/wp\/v2\/users\/1"}],"replies":[{"embeddable":true,"href":"https:\/\/hals.ee\/interiors\/wp-json\/wp\/v2\/comments?post=13229"}],"version-history":[{"count":13,"href":"https:\/\/hals.ee\/interiors\/wp-json\/wp\/v2\/pages\/13229\/revisions"}],"predecessor-version":[{"id":41203,"href":"https:\/\/hals.ee\/interiors\/wp-json\/wp\/v2\/pages\/13229\/revisions\/41203"}],"up":[{"embeddable":true,"href":"https:\/\/hals.ee\/interiors\/wp-json\/wp\/v2\/pages\/13226"}],"wp:attachment":[{"href":"https:\/\/hals.ee\/interiors\/wp-json\/wp\/v2\/media?parent=13229"}],"curies":[{"name":"wp","href":"https:\/\/api.w.org\/{rel}","templated":true}]}}