{"id":13226,"date":"2018-01-19T11:14:37","date_gmt":"2018-01-19T09:14:37","guid":{"rendered":"http:\/\/demo2.opus.ee\/hals\/interiors\/?page_id=13226"},"modified":"2019-11-22T17:01:07","modified_gmt":"2019-11-22T15:01:07","slug":"teenused","status":"publish","type":"page","link":"https:\/\/hals.ee\/interiors\/teenused\/","title":{"rendered":"Teenused"},"content":{"rendered":"<p>Oleme meie kodulehel leitavate kaubam\u00e4rkide esindaja Eestis ja seega pakume toodetele ka j\u00e4relteenindust. Kuna pakutavate toodete taga on j\u00e4tkusuutlikud ning professionaalsed tootjad, siis\u00a0p\u00fc\u00fcame leida lahendused k\u00f5ikidele tekkinud probleemidele. Meil on majas oma meister, kes on l\u00e4binud tehaste koolitusi ja kes tunneb meie toodete tehnilist poolt k\u00f5ige paremini. T\u00e4nu sellele oleme v\u00f5imelised pakkuma ka sanitaartehniliste t\u00f6\u00f6de teenust. Omame v\u00e4ikest varuosade ladu ning teostame ka garantiit\u00f6id.<\/p>\n<p>Damixa toodete hooldusvideod leiate ka tootja eestikeelselt kodulehelt: \u00a0<a href=\"http:\/\/damixa.ee\/Hoolduse-videod\" target=\"_blank\" rel=\"noopener noreferrer\">http:\/\/www.damixa.ee\/Hoolduse-videod<\/a><\/p>\n<p>Hals Interiors hooldust\u00f6id teostab\u00a0<strong>Rein Martsepp 5625 5585<\/strong><\/p>\n<p>&nbsp;<\/p>\n","protected":false},"excerpt":{"rendered":"<p>Oleme meie kodulehel leitavate kaubam\u00e4rkide esindaja Eestis ja seega pakume toodetele ka j\u00e4relteenindust. Kuna pakutavate toodete taga on j\u00e4tkusuutlikud ning professionaalsed tootjad, siis\u00a0p\u00fc\u00fcame leida lahendused k\u00f5ikidele tekkinud probleemidele. Meil on majas oma meister, kes on l\u00e4binud tehaste koolitusi ja kes tunneb meie toodete tehnilist poolt k\u00f5ige paremini. T\u00e4nu sellele oleme v\u00f5imelised pakkuma ka sanitaartehniliste t\u00f6\u00f6de&#8230;  <a class=\"excerpt-read-more\" href=\"https:\/\/hals.ee\/interiors\/teenused\/\" title=\"Read Teenused\">Read more &raquo;<\/a><\/p>\n","protected":false},"author":1,"featured_media":0,"parent":0,"menu_order":0,"comment_status":"closed","ping_status":"closed","template":"page-services.php","meta":{"footnotes":""},"class_list":["post-13226","page","type-page","status-publish","hentry"],"yoast_head":"<!-- This site is optimized with the Yoast SEO plugin v27.1.1 - https:\/\/yoast.com\/product\/yoast-seo-wordpress\/ -->\n<title>Teenused - Hals Interiors<\/title>\n<meta name=\"robots\" content=\"index, follow, max-snippet:-1, max-image-preview:large, max-video-preview:-1\" \/>\n<link rel=\"canonical\" href=\"https:\/\/hals.ee\/interiors\/teenused\/\" \/>\n<meta property=\"og:locale\" content=\"et_EE\" \/>\n<meta property=\"og:type\" content=\"article\" \/>\n<meta property=\"og:title\" content=\"Teenused - Hals Interiors\" \/>\n<meta property=\"og:description\" content=\"Oleme meie kodulehel leitavate kaubam\u00e4rkide esindaja Eestis ja seega pakume toodetele ka j\u00e4relteenindust. Kuna pakutavate toodete taga on j\u00e4tkusuutlikud ning professionaalsed tootjad, siis\u00a0p\u00fc\u00fcame leida lahendused k\u00f5ikidele tekkinud probleemidele. Meil on majas oma meister, kes on l\u00e4binud tehaste koolitusi ja kes tunneb meie toodete tehnilist poolt k\u00f5ige paremini. T\u00e4nu sellele oleme v\u00f5imelised pakkuma ka sanitaartehniliste t\u00f6\u00f6de... Read more &raquo;\" \/>\n<meta property=\"og:url\" content=\"https:\/\/hals.ee\/interiors\/teenused\/\" \/>\n<meta property=\"og:site_name\" content=\"Hals Interiors\" \/>\n<meta property=\"article:modified_time\" content=\"2019-11-22T15:01:07+00:00\" \/>\n<meta name=\"twitter:card\" content=\"summary_large_image\" \/>\n<script type=\"application\/ld+json\" class=\"yoast-schema-graph\">{\"@context\":\"https:\/\/schema.org\",\"@graph\":[{\"@type\":\"WebPage\",\"@id\":\"https:\/\/hals.ee\/interiors\/teenused\/\",\"url\":\"https:\/\/hals.ee\/interiors\/teenused\/\",\"name\":\"Teenused - Hals Interiors\",\"isPartOf\":{\"@id\":\"https:\/\/hals.ee\/interiors\/#website\"},\"datePublished\":\"2018-01-19T09:14:37+00:00\",\"dateModified\":\"2019-11-22T15:01:07+00:00\",\"breadcrumb\":{\"@id\":\"https:\/\/hals.ee\/interiors\/teenused\/#breadcrumb\"},\"inLanguage\":\"et\",\"potentialAction\":[{\"@type\":\"ReadAction\",\"target\":[\"https:\/\/hals.ee\/interiors\/teenused\/\"]}]},{\"@type\":\"BreadcrumbList\",\"@id\":\"https:\/\/hals.ee\/interiors\/teenused\/#breadcrumb\",\"itemListElement\":[{\"@type\":\"ListItem\",\"position\":1,\"name\":\"Home\",\"item\":\"https:\/\/hals.ee\/interiors\/\"},{\"@type\":\"ListItem\",\"position\":2,\"name\":\"Teenused\"}]},{\"@type\":\"WebSite\",\"@id\":\"https:\/\/hals.ee\/interiors\/#website\",\"url\":\"https:\/\/hals.ee\/interiors\/\",\"name\":\"Hals Interiors\",\"description\":\"Professionaali valik juba 25 aastat\",\"potentialAction\":[{\"@type\":\"SearchAction\",\"target\":{\"@type\":\"EntryPoint\",\"urlTemplate\":\"https:\/\/hals.ee\/interiors\/?s={search_term_string}\"},\"query-input\":{\"@type\":\"PropertyValueSpecification\",\"valueRequired\":true,\"valueName\":\"search_term_string\"}}],\"inLanguage\":\"et\"}]}<\/script>\n<!-- \/ Yoast SEO plugin. -->","yoast_head_json":{"title":"Teenused - Hals Interiors","robots":{"index":"index","follow":"follow","max-snippet":"max-snippet:-1","max-image-preview":"max-image-preview:large","max-video-preview":"max-video-preview:-1"},"canonical":"https:\/\/hals.ee\/interiors\/teenused\/","og_locale":"et_EE","og_type":"article","og_title":"Teenused - Hals Interiors","og_description":"Oleme meie kodulehel leitavate kaubam\u00e4rkide esindaja Eestis ja seega pakume toodetele ka j\u00e4relteenindust. Kuna pakutavate toodete taga on j\u00e4tkusuutlikud ning professionaalsed tootjad, siis\u00a0p\u00fc\u00fcame leida lahendused k\u00f5ikidele tekkinud probleemidele. Meil on majas oma meister, kes on l\u00e4binud tehaste koolitusi ja kes tunneb meie toodete tehnilist poolt k\u00f5ige paremini. T\u00e4nu sellele oleme v\u00f5imelised pakkuma ka sanitaartehniliste t\u00f6\u00f6de... Read more &raquo;","og_url":"https:\/\/hals.ee\/interiors\/teenused\/","og_site_name":"Hals Interiors","article_modified_time":"2019-11-22T15:01:07+00:00","twitter_card":"summary_large_image","schema":{"@context":"https:\/\/schema.org","@graph":[{"@type":"WebPage","@id":"https:\/\/hals.ee\/interiors\/teenused\/","url":"https:\/\/hals.ee\/interiors\/teenused\/","name":"Teenused - Hals Interiors","isPartOf":{"@id":"https:\/\/hals.ee\/interiors\/#website"},"datePublished":"2018-01-19T09:14:37+00:00","dateModified":"2019-11-22T15:01:07+00:00","breadcrumb":{"@id":"https:\/\/hals.ee\/interiors\/teenused\/#breadcrumb"},"inLanguage":"et","potentialAction":[{"@type":"ReadAction","target":["https:\/\/hals.ee\/interiors\/teenused\/"]}]},{"@type":"BreadcrumbList","@id":"https:\/\/hals.ee\/interiors\/teenused\/#breadcrumb","itemListElement":[{"@type":"ListItem","position":1,"name":"Home","item":"https:\/\/hals.ee\/interiors\/"},{"@type":"ListItem","position":2,"name":"Teenused"}]},{"@type":"WebSite","@id":"https:\/\/hals.ee\/interiors\/#website","url":"https:\/\/hals.ee\/interiors\/","name":"Hals Interiors","description":"Professionaali valik juba 25 aastat","potentialAction":[{"@type":"SearchAction","target":{"@type":"EntryPoint","urlTemplate":"https:\/\/hals.ee\/interiors\/?s={search_term_string}"},"query-input":{"@type":"PropertyValueSpecification","valueRequired":true,"valueName":"search_term_string"}}],"inLanguage":"et"}]}},"_links":{"self":[{"href":"https:\/\/hals.ee\/interiors\/wp-json\/wp\/v2\/pages\/13226","targetHints":{"allow":["GET"]}}],"collection":[{"href":"https:\/\/hals.ee\/interiors\/wp-json\/wp\/v2\/pages"}],"about":[{"href":"https:\/\/hals.ee\/interiors\/wp-json\/wp\/v2\/types\/page"}],"author":[{"embeddable":true,"href":"https:\/\/hals.ee\/interiors\/wp-json\/wp\/v2\/users\/1"}],"replies":[{"embeddable":true,"href":"https:\/\/hals.ee\/interiors\/wp-json\/wp\/v2\/comments?post=13226"}],"version-history":[{"count":5,"href":"https:\/\/hals.ee\/interiors\/wp-json\/wp\/v2\/pages\/13226\/revisions"}],"predecessor-version":[{"id":30172,"href":"https:\/\/hals.ee\/interiors\/wp-json\/wp\/v2\/pages\/13226\/revisions\/30172"}],"wp:attachment":[{"href":"https:\/\/hals.ee\/interiors\/wp-json\/wp\/v2\/media?parent=13226"}],"curies":[{"name":"wp","href":"https:\/\/api.w.org\/{rel}","templated":true}]}}