{"id":13208,"date":"2018-01-19T11:06:41","date_gmt":"2018-01-19T09:06:41","guid":{"rendered":"http:\/\/demo2.opus.ee\/hals\/interiors\/?page_id=13208"},"modified":"2025-06-11T16:54:54","modified_gmt":"2025-06-11T13:54:54","slug":"kataloog","status":"publish","type":"page","link":"https:\/\/hals.ee\/interiors\/kataloog\/","title":{"rendered":"Tootegrupid"},"content":{"rendered":"<p><a href=\"https:\/\/hals.ee\/interiors\/wp-content\/uploads\/sites\/2\/2025\/05\/halsinteriors-scaled.jpg\"><img loading=\"lazy\" decoding=\"async\" class=\"alignnone wp-image-51295\" src=\"https:\/\/hals.ee\/interiors\/wp-content\/uploads\/sites\/2\/2025\/05\/halsinteriors-1024x155.jpg\" alt=\"\" width=\"350\" height=\"53\" srcset=\"https:\/\/hals.ee\/interiors\/wp-content\/uploads\/sites\/2\/2025\/05\/halsinteriors-1024x155.jpg 1024w, https:\/\/hals.ee\/interiors\/wp-content\/uploads\/sites\/2\/2025\/05\/halsinteriors-300x45.jpg 300w, https:\/\/hals.ee\/interiors\/wp-content\/uploads\/sites\/2\/2025\/05\/halsinteriors-768x116.jpg 768w, https:\/\/hals.ee\/interiors\/wp-content\/uploads\/sites\/2\/2025\/05\/halsinteriors-1536x233.jpg 1536w, https:\/\/hals.ee\/interiors\/wp-content\/uploads\/sites\/2\/2025\/05\/halsinteriors-2048x310.jpg 2048w, https:\/\/hals.ee\/interiors\/wp-content\/uploads\/sites\/2\/2025\/05\/halsinteriors-1200x182.jpg 1200w, https:\/\/hals.ee\/interiors\/wp-content\/uploads\/sites\/2\/2025\/05\/halsinteriors-150x23.jpg 150w\" sizes=\"auto, (max-width: 350px) 100vw, 350px\" \/><\/a>Ettev\u00f5te Hals Interiors O\u00dc sai alguse aastal 2003. Oleme Eesti kapitalil p\u00f5hinev ettev\u00f5te, kes on mitmete rahvusvaheliste kaubam\u00e4rkide maaletooja ja esindaja Eestis.\u00a0 Meie tootevalikus on lisaks segistitele ja vannitoatarvikutele ka mitmesugused tooted ja tarvikud roostevabast terasest, elektrilised k\u00e4tekuivatid, isesulguvad segistid, h\u00e4daabidu\u0161id, laborikraanid, m\u00e4hkimislauad, invatooted ja palju muud<\/p>\n<p>&nbsp;<\/p>\n<p>&nbsp;<\/p>\n","protected":false},"excerpt":{"rendered":"<p>Ettev\u00f5te Hals Interiors O\u00dc sai alguse aastal 2003. Oleme Eesti kapitalil p\u00f5hinev ettev\u00f5te, kes on mitmete rahvusvaheliste kaubam\u00e4rkide maaletooja ja esindaja Eestis.\u00a0 Meie tootevalikus on lisaks segistitele ja vannitoatarvikutele ka mitmesugused tooted ja tarvikud roostevabast terasest, elektrilised k\u00e4tekuivatid, isesulguvad segistid, h\u00e4daabidu\u0161id, laborikraanid, m\u00e4hkimislauad, invatooted ja palju muud &nbsp; &nbsp;<\/p>\n","protected":false},"author":1,"featured_media":0,"parent":0,"menu_order":0,"comment_status":"closed","ping_status":"closed","template":"page-catalogue.php","meta":{"footnotes":""},"class_list":["post-13208","page","type-page","status-publish","hentry"],"yoast_head":"<!-- This site is optimized with the Yoast SEO plugin v27.1.1 - https:\/\/yoast.com\/product\/yoast-seo-wordpress\/ -->\n<title>Tootegrupid - Hals Interiors<\/title>\n<meta name=\"robots\" content=\"index, follow, max-snippet:-1, max-image-preview:large, max-video-preview:-1\" \/>\n<link rel=\"canonical\" href=\"https:\/\/hals.ee\/interiors\/kataloog\/\" \/>\n<meta property=\"og:locale\" content=\"et_EE\" \/>\n<meta property=\"og:type\" content=\"article\" \/>\n<meta property=\"og:title\" content=\"Tootegrupid - Hals Interiors\" \/>\n<meta property=\"og:description\" content=\"Ettev\u00f5te Hals Interiors O\u00dc sai alguse aastal 2003. Oleme Eesti kapitalil p\u00f5hinev ettev\u00f5te, kes on mitmete rahvusvaheliste kaubam\u00e4rkide maaletooja ja esindaja Eestis.\u00a0 Meie tootevalikus on lisaks segistitele ja vannitoatarvikutele ka mitmesugused tooted ja tarvikud roostevabast terasest, elektrilised k\u00e4tekuivatid, isesulguvad segistid, h\u00e4daabidu\u0161id, laborikraanid, m\u00e4hkimislauad, invatooted ja palju muud &nbsp; &nbsp;\" \/>\n<meta property=\"og:url\" content=\"https:\/\/hals.ee\/interiors\/kataloog\/\" \/>\n<meta property=\"og:site_name\" content=\"Hals Interiors\" \/>\n<meta property=\"article:modified_time\" content=\"2025-06-11T13:54:54+00:00\" \/>\n<meta property=\"og:image\" content=\"https:\/\/hals.ee\/interiors\/wp-content\/uploads\/sites\/2\/2025\/05\/halsinteriors-scaled.jpg\" \/>\n\t<meta property=\"og:image:width\" content=\"2560\" \/>\n\t<meta property=\"og:image:height\" content=\"388\" \/>\n\t<meta property=\"og:image:type\" content=\"image\/jpeg\" \/>\n<meta name=\"twitter:card\" content=\"summary_large_image\" \/>\n<meta name=\"twitter:label1\" content=\"Est. reading time\" \/>\n\t<meta name=\"twitter:data1\" content=\"1 minut\" \/>\n<script type=\"application\/ld+json\" class=\"yoast-schema-graph\">{\"@context\":\"https:\/\/schema.org\",\"@graph\":[{\"@type\":\"WebPage\",\"@id\":\"https:\/\/hals.ee\/interiors\/kataloog\/\",\"url\":\"https:\/\/hals.ee\/interiors\/kataloog\/\",\"name\":\"Tootegrupid - Hals Interiors\",\"isPartOf\":{\"@id\":\"https:\/\/hals.ee\/interiors\/#website\"},\"primaryImageOfPage\":{\"@id\":\"https:\/\/hals.ee\/interiors\/kataloog\/#primaryimage\"},\"image\":{\"@id\":\"https:\/\/hals.ee\/interiors\/kataloog\/#primaryimage\"},\"thumbnailUrl\":\"https:\/\/hals.ee\/interiors\/wp-content\/uploads\/sites\/2\/2025\/05\/halsinteriors-1024x155.jpg\",\"datePublished\":\"2018-01-19T09:06:41+00:00\",\"dateModified\":\"2025-06-11T13:54:54+00:00\",\"breadcrumb\":{\"@id\":\"https:\/\/hals.ee\/interiors\/kataloog\/#breadcrumb\"},\"inLanguage\":\"et\",\"potentialAction\":[{\"@type\":\"ReadAction\",\"target\":[\"https:\/\/hals.ee\/interiors\/kataloog\/\"]}]},{\"@type\":\"ImageObject\",\"inLanguage\":\"et\",\"@id\":\"https:\/\/hals.ee\/interiors\/kataloog\/#primaryimage\",\"url\":\"https:\/\/hals.ee\/interiors\/wp-content\/uploads\/sites\/2\/2025\/05\/halsinteriors-scaled.jpg\",\"contentUrl\":\"https:\/\/hals.ee\/interiors\/wp-content\/uploads\/sites\/2\/2025\/05\/halsinteriors-scaled.jpg\",\"width\":2560,\"height\":388},{\"@type\":\"BreadcrumbList\",\"@id\":\"https:\/\/hals.ee\/interiors\/kataloog\/#breadcrumb\",\"itemListElement\":[{\"@type\":\"ListItem\",\"position\":1,\"name\":\"Home\",\"item\":\"https:\/\/hals.ee\/interiors\/\"},{\"@type\":\"ListItem\",\"position\":2,\"name\":\"Tootegrupid\"}]},{\"@type\":\"WebSite\",\"@id\":\"https:\/\/hals.ee\/interiors\/#website\",\"url\":\"https:\/\/hals.ee\/interiors\/\",\"name\":\"Hals Interiors\",\"description\":\"Professionaali valik juba 25 aastat\",\"potentialAction\":[{\"@type\":\"SearchAction\",\"target\":{\"@type\":\"EntryPoint\",\"urlTemplate\":\"https:\/\/hals.ee\/interiors\/?s={search_term_string}\"},\"query-input\":{\"@type\":\"PropertyValueSpecification\",\"valueRequired\":true,\"valueName\":\"search_term_string\"}}],\"inLanguage\":\"et\"}]}<\/script>\n<!-- \/ Yoast SEO plugin. -->","yoast_head_json":{"title":"Tootegrupid - Hals Interiors","robots":{"index":"index","follow":"follow","max-snippet":"max-snippet:-1","max-image-preview":"max-image-preview:large","max-video-preview":"max-video-preview:-1"},"canonical":"https:\/\/hals.ee\/interiors\/kataloog\/","og_locale":"et_EE","og_type":"article","og_title":"Tootegrupid - Hals Interiors","og_description":"Ettev\u00f5te Hals Interiors O\u00dc sai alguse aastal 2003. Oleme Eesti kapitalil p\u00f5hinev ettev\u00f5te, kes on mitmete rahvusvaheliste kaubam\u00e4rkide maaletooja ja esindaja Eestis.\u00a0 Meie tootevalikus on lisaks segistitele ja vannitoatarvikutele ka mitmesugused tooted ja tarvikud roostevabast terasest, elektrilised k\u00e4tekuivatid, isesulguvad segistid, h\u00e4daabidu\u0161id, laborikraanid, m\u00e4hkimislauad, invatooted ja palju muud &nbsp; &nbsp;","og_url":"https:\/\/hals.ee\/interiors\/kataloog\/","og_site_name":"Hals Interiors","article_modified_time":"2025-06-11T13:54:54+00:00","og_image":[{"width":2560,"height":388,"url":"https:\/\/hals.ee\/interiors\/wp-content\/uploads\/sites\/2\/2025\/05\/halsinteriors-scaled.jpg","type":"image\/jpeg"}],"twitter_card":"summary_large_image","twitter_misc":{"Est. reading time":"1 minut"},"schema":{"@context":"https:\/\/schema.org","@graph":[{"@type":"WebPage","@id":"https:\/\/hals.ee\/interiors\/kataloog\/","url":"https:\/\/hals.ee\/interiors\/kataloog\/","name":"Tootegrupid - Hals Interiors","isPartOf":{"@id":"https:\/\/hals.ee\/interiors\/#website"},"primaryImageOfPage":{"@id":"https:\/\/hals.ee\/interiors\/kataloog\/#primaryimage"},"image":{"@id":"https:\/\/hals.ee\/interiors\/kataloog\/#primaryimage"},"thumbnailUrl":"https:\/\/hals.ee\/interiors\/wp-content\/uploads\/sites\/2\/2025\/05\/halsinteriors-1024x155.jpg","datePublished":"2018-01-19T09:06:41+00:00","dateModified":"2025-06-11T13:54:54+00:00","breadcrumb":{"@id":"https:\/\/hals.ee\/interiors\/kataloog\/#breadcrumb"},"inLanguage":"et","potentialAction":[{"@type":"ReadAction","target":["https:\/\/hals.ee\/interiors\/kataloog\/"]}]},{"@type":"ImageObject","inLanguage":"et","@id":"https:\/\/hals.ee\/interiors\/kataloog\/#primaryimage","url":"https:\/\/hals.ee\/interiors\/wp-content\/uploads\/sites\/2\/2025\/05\/halsinteriors-scaled.jpg","contentUrl":"https:\/\/hals.ee\/interiors\/wp-content\/uploads\/sites\/2\/2025\/05\/halsinteriors-scaled.jpg","width":2560,"height":388},{"@type":"BreadcrumbList","@id":"https:\/\/hals.ee\/interiors\/kataloog\/#breadcrumb","itemListElement":[{"@type":"ListItem","position":1,"name":"Home","item":"https:\/\/hals.ee\/interiors\/"},{"@type":"ListItem","position":2,"name":"Tootegrupid"}]},{"@type":"WebSite","@id":"https:\/\/hals.ee\/interiors\/#website","url":"https:\/\/hals.ee\/interiors\/","name":"Hals Interiors","description":"Professionaali valik juba 25 aastat","potentialAction":[{"@type":"SearchAction","target":{"@type":"EntryPoint","urlTemplate":"https:\/\/hals.ee\/interiors\/?s={search_term_string}"},"query-input":{"@type":"PropertyValueSpecification","valueRequired":true,"valueName":"search_term_string"}}],"inLanguage":"et"}]}},"_links":{"self":[{"href":"https:\/\/hals.ee\/interiors\/wp-json\/wp\/v2\/pages\/13208","targetHints":{"allow":["GET"]}}],"collection":[{"href":"https:\/\/hals.ee\/interiors\/wp-json\/wp\/v2\/pages"}],"about":[{"href":"https:\/\/hals.ee\/interiors\/wp-json\/wp\/v2\/types\/page"}],"author":[{"embeddable":true,"href":"https:\/\/hals.ee\/interiors\/wp-json\/wp\/v2\/users\/1"}],"replies":[{"embeddable":true,"href":"https:\/\/hals.ee\/interiors\/wp-json\/wp\/v2\/comments?post=13208"}],"version-history":[{"count":52,"href":"https:\/\/hals.ee\/interiors\/wp-json\/wp\/v2\/pages\/13208\/revisions"}],"predecessor-version":[{"id":52308,"href":"https:\/\/hals.ee\/interiors\/wp-json\/wp\/v2\/pages\/13208\/revisions\/52308"}],"wp:attachment":[{"href":"https:\/\/hals.ee\/interiors\/wp-json\/wp\/v2\/media?parent=13208"}],"curies":[{"name":"wp","href":"https:\/\/api.w.org\/{rel}","templated":true}]}}