{"id":27,"date":"2014-02-04T12:00:35","date_gmt":"2014-02-04T10:00:35","guid":{"rendered":"http:\/\/hals.arendus.1kdigital.com\/htrsupport\/?page_id=27"},"modified":"2016-07-28T12:16:19","modified_gmt":"2016-07-28T09:16:19","slug":"firmast","status":"publish","type":"page","link":"https:\/\/hals.ee\/htrsupport\/firmast\/","title":{"rendered":"Firmast"},"content":{"rendered":"<p>HTR Support O\u00dc p\u00f5hitegevuseks on lao- ja b\u00fcroopindade v\u00e4lja \u00fc\u00fcrimine, omale kuuluva kinnisvara haldamine, transpordivahendite rentimine, b\u00fcroo- ja laoteenuste pakkumine.<\/p>\n<p>Meie klientideks on Eesti turul omal alal tegutsevad juhtivad ettev\u00f5tted.<\/p>\n<p>Tallinnas on meie ankurrentnikuteks\u00a0 AS Hals Trading ja O\u00dc \u00a0Hals Interiors.<\/p>\n<p>Antud \u00a0ettev\u00f5tted on meie suurimad kliendid, kelle abistamiseks ja teenindamiseks on meil mehitatud 9- liikmeline\u00a0 meeskond.<\/p>\n<p>Tartus on meie suurimad kliendid AS Hals Trading-T,\u00a0 AS Kone, Laki Auto.<\/p>\n<p>Meie l\u00e4hiaastate suurimaks v\u00e4ljakutseks on Tartusse kaasaegse b\u00fcroo- ja laopinnaga hoone rajamine.<\/p>\n<p>Meie missiooniks on olla:<\/p>\n<p>&#8211;\u00a0\u00a0\u00a0\u00a0\u00a0\u00a0\u00a0\u00a0 s\u00f5bralik ja paindlik abimees meie klientidele<\/p>\n<p>Meie visiooniks on:<\/p>\n<p>&#8211;\u00a0\u00a0\u00a0\u00a0\u00a0\u00a0\u00a0\u00a0 hinnatud ja vajaliku teenuse pakkumine<\/p>\n<p>&#8211;\u00a0\u00a0\u00a0\u00a0\u00a0\u00a0\u00a0\u00a0 pindade maksimaalne t\u00e4ituvus<\/p>\n","protected":false},"excerpt":{"rendered":"<p>HTR Support O\u00dc p\u00f5hitegevuseks on lao- ja b\u00fcroopindade v\u00e4lja \u00fc\u00fcrimine, omale kuuluva kinnisvara haldamine, transpordivahendite rentimine, b\u00fcroo- ja laoteenuste pakkumine. Meie klientideks on Eesti turul omal alal tegutsevad juhtivad ettev\u00f5tted. Tallinnas on meie ankurrentnikuteks\u00a0 AS Hals Trading ja O\u00dc \u00a0Hals Interiors. Antud \u00a0ettev\u00f5tted on meie suurimad kliendid, kelle abistamiseks ja teenindamiseks on meil mehitatud 9-&#8230;  <a class=\"excerpt-read-more\" href=\"https:\/\/hals.ee\/htrsupport\/firmast\/\" title=\"Read Firmast\">Read more &raquo;<\/a><\/p>\n","protected":false},"author":1,"featured_media":0,"parent":0,"menu_order":0,"comment_status":"open","ping_status":"open","template":"","meta":{"footnotes":""},"class_list":["post-27","page","type-page","status-publish","hentry"],"yoast_head":"<!-- This site is optimized with the Yoast SEO plugin v27.1.1 - https:\/\/yoast.com\/product\/yoast-seo-wordpress\/ -->\n<title>Firmast - HTR Support<\/title>\n<meta name=\"robots\" content=\"index, follow, max-snippet:-1, max-image-preview:large, max-video-preview:-1\" \/>\n<link rel=\"canonical\" href=\"https:\/\/hals.ee\/htrsupport\/firmast\/\" \/>\n<meta property=\"og:locale\" content=\"et_EE\" \/>\n<meta property=\"og:type\" content=\"article\" \/>\n<meta property=\"og:title\" content=\"Firmast - HTR Support\" \/>\n<meta property=\"og:description\" content=\"HTR Support O\u00dc p\u00f5hitegevuseks on lao- ja b\u00fcroopindade v\u00e4lja \u00fc\u00fcrimine, omale kuuluva kinnisvara haldamine, transpordivahendite rentimine, b\u00fcroo- ja laoteenuste pakkumine. Meie klientideks on Eesti turul omal alal tegutsevad juhtivad ettev\u00f5tted. Tallinnas on meie ankurrentnikuteks\u00a0 AS Hals Trading ja O\u00dc \u00a0Hals Interiors. Antud \u00a0ettev\u00f5tted on meie suurimad kliendid, kelle abistamiseks ja teenindamiseks on meil mehitatud 9-... Read more &raquo;\" \/>\n<meta property=\"og:url\" content=\"https:\/\/hals.ee\/htrsupport\/firmast\/\" \/>\n<meta property=\"og:site_name\" content=\"HTR Support\" \/>\n<meta property=\"article:modified_time\" content=\"2016-07-28T09:16:19+00:00\" \/>\n<meta name=\"twitter:card\" content=\"summary_large_image\" \/>\n<meta name=\"twitter:label1\" content=\"Est. reading time\" \/>\n\t<meta name=\"twitter:data1\" content=\"1 minut\" \/>\n<script type=\"application\/ld+json\" class=\"yoast-schema-graph\">{\"@context\":\"https:\/\/schema.org\",\"@graph\":[{\"@type\":\"WebPage\",\"@id\":\"https:\/\/hals.ee\/htrsupport\/firmast\/\",\"url\":\"https:\/\/hals.ee\/htrsupport\/firmast\/\",\"name\":\"Firmast - HTR Support\",\"isPartOf\":{\"@id\":\"https:\/\/hals.ee\/htrsupport\/#website\"},\"datePublished\":\"2014-02-04T10:00:35+00:00\",\"dateModified\":\"2016-07-28T09:16:19+00:00\",\"breadcrumb\":{\"@id\":\"https:\/\/hals.ee\/htrsupport\/firmast\/#breadcrumb\"},\"inLanguage\":\"et\",\"potentialAction\":[{\"@type\":\"ReadAction\",\"target\":[\"https:\/\/hals.ee\/htrsupport\/firmast\/\"]}]},{\"@type\":\"BreadcrumbList\",\"@id\":\"https:\/\/hals.ee\/htrsupport\/firmast\/#breadcrumb\",\"itemListElement\":[{\"@type\":\"ListItem\",\"position\":1,\"name\":\"Home\",\"item\":\"https:\/\/hals.ee\/htrsupport\/\"},{\"@type\":\"ListItem\",\"position\":2,\"name\":\"Firmast\"}]},{\"@type\":\"WebSite\",\"@id\":\"https:\/\/hals.ee\/htrsupport\/#website\",\"url\":\"https:\/\/hals.ee\/htrsupport\/\",\"name\":\"HTR Support\",\"description\":\"Haldame Hals grupi kinnisvara, tehnikat ja pakume laoteenuseid\",\"potentialAction\":[{\"@type\":\"SearchAction\",\"target\":{\"@type\":\"EntryPoint\",\"urlTemplate\":\"https:\/\/hals.ee\/htrsupport\/?s={search_term_string}\"},\"query-input\":{\"@type\":\"PropertyValueSpecification\",\"valueRequired\":true,\"valueName\":\"search_term_string\"}}],\"inLanguage\":\"et\"}]}<\/script>\n<!-- \/ Yoast SEO plugin. -->","yoast_head_json":{"title":"Firmast - HTR Support","robots":{"index":"index","follow":"follow","max-snippet":"max-snippet:-1","max-image-preview":"max-image-preview:large","max-video-preview":"max-video-preview:-1"},"canonical":"https:\/\/hals.ee\/htrsupport\/firmast\/","og_locale":"et_EE","og_type":"article","og_title":"Firmast - HTR Support","og_description":"HTR Support O\u00dc p\u00f5hitegevuseks on lao- ja b\u00fcroopindade v\u00e4lja \u00fc\u00fcrimine, omale kuuluva kinnisvara haldamine, transpordivahendite rentimine, b\u00fcroo- ja laoteenuste pakkumine. Meie klientideks on Eesti turul omal alal tegutsevad juhtivad ettev\u00f5tted. Tallinnas on meie ankurrentnikuteks\u00a0 AS Hals Trading ja O\u00dc \u00a0Hals Interiors. Antud \u00a0ettev\u00f5tted on meie suurimad kliendid, kelle abistamiseks ja teenindamiseks on meil mehitatud 9-... Read more &raquo;","og_url":"https:\/\/hals.ee\/htrsupport\/firmast\/","og_site_name":"HTR Support","article_modified_time":"2016-07-28T09:16:19+00:00","twitter_card":"summary_large_image","twitter_misc":{"Est. reading time":"1 minut"},"schema":{"@context":"https:\/\/schema.org","@graph":[{"@type":"WebPage","@id":"https:\/\/hals.ee\/htrsupport\/firmast\/","url":"https:\/\/hals.ee\/htrsupport\/firmast\/","name":"Firmast - HTR Support","isPartOf":{"@id":"https:\/\/hals.ee\/htrsupport\/#website"},"datePublished":"2014-02-04T10:00:35+00:00","dateModified":"2016-07-28T09:16:19+00:00","breadcrumb":{"@id":"https:\/\/hals.ee\/htrsupport\/firmast\/#breadcrumb"},"inLanguage":"et","potentialAction":[{"@type":"ReadAction","target":["https:\/\/hals.ee\/htrsupport\/firmast\/"]}]},{"@type":"BreadcrumbList","@id":"https:\/\/hals.ee\/htrsupport\/firmast\/#breadcrumb","itemListElement":[{"@type":"ListItem","position":1,"name":"Home","item":"https:\/\/hals.ee\/htrsupport\/"},{"@type":"ListItem","position":2,"name":"Firmast"}]},{"@type":"WebSite","@id":"https:\/\/hals.ee\/htrsupport\/#website","url":"https:\/\/hals.ee\/htrsupport\/","name":"HTR Support","description":"Haldame Hals grupi kinnisvara, tehnikat ja pakume laoteenuseid","potentialAction":[{"@type":"SearchAction","target":{"@type":"EntryPoint","urlTemplate":"https:\/\/hals.ee\/htrsupport\/?s={search_term_string}"},"query-input":{"@type":"PropertyValueSpecification","valueRequired":true,"valueName":"search_term_string"}}],"inLanguage":"et"}]}},"_links":{"self":[{"href":"https:\/\/hals.ee\/htrsupport\/wp-json\/wp\/v2\/pages\/27","targetHints":{"allow":["GET"]}}],"collection":[{"href":"https:\/\/hals.ee\/htrsupport\/wp-json\/wp\/v2\/pages"}],"about":[{"href":"https:\/\/hals.ee\/htrsupport\/wp-json\/wp\/v2\/types\/page"}],"author":[{"embeddable":true,"href":"https:\/\/hals.ee\/htrsupport\/wp-json\/wp\/v2\/users\/1"}],"replies":[{"embeddable":true,"href":"https:\/\/hals.ee\/htrsupport\/wp-json\/wp\/v2\/comments?post=27"}],"version-history":[{"count":1,"href":"https:\/\/hals.ee\/htrsupport\/wp-json\/wp\/v2\/pages\/27\/revisions"}],"predecessor-version":[{"id":28,"href":"https:\/\/hals.ee\/htrsupport\/wp-json\/wp\/v2\/pages\/27\/revisions\/28"}],"wp:attachment":[{"href":"https:\/\/hals.ee\/htrsupport\/wp-json\/wp\/v2\/media?parent=27"}],"curies":[{"name":"wp","href":"https:\/\/api.w.org\/{rel}","templated":true}]}}