{"id":347,"date":"2018-01-19T10:41:37","date_gmt":"2018-01-19T08:41:37","guid":{"rendered":"http:\/\/prelive.hals.ee\/meist\/missioon-ja-visioon\/"},"modified":"2019-08-06T16:22:28","modified_gmt":"2019-08-06T13:22:28","slug":"missioon-ja-visioon","status":"publish","type":"page","link":"https:\/\/hals.ee\/fi\/meista\/missioon-ja-visioon\/","title":{"rendered":"Missiomme, Visiomme"},"content":{"rendered":"<div class=\"six columns\">\n<div class=\"text-container-left text-right\">\n<h2>Missiomme<\/h2>\n<p>Tarjoa ammattimaisia \u200b\u200bratkaisuja, joiden elinkaari on l\u00e4hell\u00e4 ymp\u00e4rist\u00f6\u00e4.<\/p>\n<\/div>\n<\/div>\n<div class=\"six columns\">\n<div class=\"text-container-right\">\n<h2>Visiomme<\/h2>\n<ul>\n<li>olla arvostettu tukkumyyj\u00e4<\/li>\n<li>olla ensimm\u00e4inen valinta ammattimaiselle asentajalle<\/li>\n<li>olla houkutteleva kumppani tavarantoimittajille<\/li>\n<li>olla ensimm\u00e4inen valinta ammattilaiselle<\/li>\n<\/ul>\n<\/div>\n<\/div>\n","protected":false},"excerpt":{"rendered":"<p>Missiomme Tarjoa ammattimaisia \u200b\u200bratkaisuja, joiden elinkaari on l\u00e4hell\u00e4 ymp\u00e4rist\u00f6\u00e4. Visiomme olla arvostettu tukkumyyj\u00e4 olla ensimm\u00e4inen valinta ammattimaiselle asentajalle olla houkutteleva kumppani tavarantoimittajille olla ensimm\u00e4inen valinta ammattilaiselle<\/p>\n","protected":false},"author":1,"featured_media":0,"parent":344,"menu_order":0,"comment_status":"closed","ping_status":"closed","template":"page-about.php","meta":{"footnotes":""},"class_list":["post-347","page","type-page","status-publish","hentry"],"yoast_head":"<!-- This site is optimized with the Yoast SEO plugin v27.1.1 - https:\/\/yoast.com\/product\/yoast-seo-wordpress\/ -->\n<title>Missiomme, Visiomme - Hals<\/title>\n<meta name=\"robots\" content=\"index, follow, max-snippet:-1, max-image-preview:large, max-video-preview:-1\" \/>\n<link rel=\"canonical\" href=\"https:\/\/hals.ee\/fi\/meista\/missioon-ja-visioon\/\" \/>\n<meta property=\"og:locale\" content=\"fi_FI\" \/>\n<meta property=\"og:type\" content=\"article\" \/>\n<meta property=\"og:title\" content=\"Missiomme, Visiomme - Hals\" \/>\n<meta property=\"og:description\" content=\"Missiomme Tarjoa ammattimaisia \u200b\u200bratkaisuja, joiden elinkaari on l\u00e4hell\u00e4 ymp\u00e4rist\u00f6\u00e4. Visiomme olla arvostettu tukkumyyj\u00e4 olla ensimm\u00e4inen valinta ammattimaiselle asentajalle olla houkutteleva kumppani tavarantoimittajille olla ensimm\u00e4inen valinta ammattilaiselle\" \/>\n<meta property=\"og:url\" content=\"https:\/\/hals.ee\/fi\/meista\/missioon-ja-visioon\/\" \/>\n<meta property=\"og:site_name\" content=\"Hals\" \/>\n<meta property=\"article:modified_time\" content=\"2019-08-06T13:22:28+00:00\" \/>\n<meta name=\"twitter:card\" content=\"summary_large_image\" \/>\n<script type=\"application\/ld+json\" class=\"yoast-schema-graph\">{\"@context\":\"https:\/\/schema.org\",\"@graph\":[{\"@type\":\"WebPage\",\"@id\":\"https:\/\/hals.ee\/fi\/meista\/missioon-ja-visioon\/\",\"url\":\"https:\/\/hals.ee\/fi\/meista\/missioon-ja-visioon\/\",\"name\":\"Missiomme, Visiomme - Hals\",\"isPartOf\":{\"@id\":\"https:\/\/hals.ee\/#website\"},\"datePublished\":\"2018-01-19T08:41:37+00:00\",\"dateModified\":\"2019-08-06T13:22:28+00:00\",\"breadcrumb\":{\"@id\":\"https:\/\/hals.ee\/fi\/meista\/missioon-ja-visioon\/#breadcrumb\"},\"inLanguage\":\"fi\",\"potentialAction\":[{\"@type\":\"ReadAction\",\"target\":[\"https:\/\/hals.ee\/fi\/meista\/missioon-ja-visioon\/\"]}]},{\"@type\":\"BreadcrumbList\",\"@id\":\"https:\/\/hals.ee\/fi\/meista\/missioon-ja-visioon\/#breadcrumb\",\"itemListElement\":[{\"@type\":\"ListItem\",\"position\":1,\"name\":\"Home\",\"item\":\"https:\/\/hals.ee\/fi\/\"},{\"@type\":\"ListItem\",\"position\":2,\"name\":\"Meist\u00e4\",\"item\":\"https:\/\/hals.ee\/fi\/meista\/\"},{\"@type\":\"ListItem\",\"position\":3,\"name\":\"Missiomme, Visiomme\"}]},{\"@type\":\"WebSite\",\"@id\":\"https:\/\/hals.ee\/#website\",\"url\":\"https:\/\/hals.ee\/\",\"name\":\"Hals\",\"description\":\"LV-tuotteiden maahantuontiin ja tukkumyynti\",\"potentialAction\":[{\"@type\":\"SearchAction\",\"target\":{\"@type\":\"EntryPoint\",\"urlTemplate\":\"https:\/\/hals.ee\/?s={search_term_string}\"},\"query-input\":{\"@type\":\"PropertyValueSpecification\",\"valueRequired\":true,\"valueName\":\"search_term_string\"}}],\"inLanguage\":\"fi\"}]}<\/script>\n<!-- \/ Yoast SEO plugin. -->","yoast_head_json":{"title":"Missiomme, Visiomme - Hals","robots":{"index":"index","follow":"follow","max-snippet":"max-snippet:-1","max-image-preview":"max-image-preview:large","max-video-preview":"max-video-preview:-1"},"canonical":"https:\/\/hals.ee\/fi\/meista\/missioon-ja-visioon\/","og_locale":"fi_FI","og_type":"article","og_title":"Missiomme, Visiomme - Hals","og_description":"Missiomme Tarjoa ammattimaisia \u200b\u200bratkaisuja, joiden elinkaari on l\u00e4hell\u00e4 ymp\u00e4rist\u00f6\u00e4. Visiomme olla arvostettu tukkumyyj\u00e4 olla ensimm\u00e4inen valinta ammattimaiselle asentajalle olla houkutteleva kumppani tavarantoimittajille olla ensimm\u00e4inen valinta ammattilaiselle","og_url":"https:\/\/hals.ee\/fi\/meista\/missioon-ja-visioon\/","og_site_name":"Hals","article_modified_time":"2019-08-06T13:22:28+00:00","twitter_card":"summary_large_image","schema":{"@context":"https:\/\/schema.org","@graph":[{"@type":"WebPage","@id":"https:\/\/hals.ee\/fi\/meista\/missioon-ja-visioon\/","url":"https:\/\/hals.ee\/fi\/meista\/missioon-ja-visioon\/","name":"Missiomme, Visiomme - Hals","isPartOf":{"@id":"https:\/\/hals.ee\/#website"},"datePublished":"2018-01-19T08:41:37+00:00","dateModified":"2019-08-06T13:22:28+00:00","breadcrumb":{"@id":"https:\/\/hals.ee\/fi\/meista\/missioon-ja-visioon\/#breadcrumb"},"inLanguage":"fi","potentialAction":[{"@type":"ReadAction","target":["https:\/\/hals.ee\/fi\/meista\/missioon-ja-visioon\/"]}]},{"@type":"BreadcrumbList","@id":"https:\/\/hals.ee\/fi\/meista\/missioon-ja-visioon\/#breadcrumb","itemListElement":[{"@type":"ListItem","position":1,"name":"Home","item":"https:\/\/hals.ee\/fi\/"},{"@type":"ListItem","position":2,"name":"Meist\u00e4","item":"https:\/\/hals.ee\/fi\/meista\/"},{"@type":"ListItem","position":3,"name":"Missiomme, Visiomme"}]},{"@type":"WebSite","@id":"https:\/\/hals.ee\/#website","url":"https:\/\/hals.ee\/","name":"Hals","description":"LV-tuotteiden maahantuontiin ja tukkumyynti","potentialAction":[{"@type":"SearchAction","target":{"@type":"EntryPoint","urlTemplate":"https:\/\/hals.ee\/?s={search_term_string}"},"query-input":{"@type":"PropertyValueSpecification","valueRequired":true,"valueName":"search_term_string"}}],"inLanguage":"fi"}]}},"_links":{"self":[{"href":"https:\/\/hals.ee\/fi\/wp-json\/wp\/v2\/pages\/347","targetHints":{"allow":["GET"]}}],"collection":[{"href":"https:\/\/hals.ee\/fi\/wp-json\/wp\/v2\/pages"}],"about":[{"href":"https:\/\/hals.ee\/fi\/wp-json\/wp\/v2\/types\/page"}],"author":[{"embeddable":true,"href":"https:\/\/hals.ee\/fi\/wp-json\/wp\/v2\/users\/1"}],"replies":[{"embeddable":true,"href":"https:\/\/hals.ee\/fi\/wp-json\/wp\/v2\/comments?post=347"}],"version-history":[{"count":5,"href":"https:\/\/hals.ee\/fi\/wp-json\/wp\/v2\/pages\/347\/revisions"}],"predecessor-version":[{"id":805,"href":"https:\/\/hals.ee\/fi\/wp-json\/wp\/v2\/pages\/347\/revisions\/805"}],"up":[{"embeddable":true,"href":"https:\/\/hals.ee\/fi\/wp-json\/wp\/v2\/pages\/344"}],"wp:attachment":[{"href":"https:\/\/hals.ee\/fi\/wp-json\/wp\/v2\/media?parent=347"}],"curies":[{"name":"wp","href":"https:\/\/api.w.org\/{rel}","templated":true}]}}