{"id":344,"date":"2018-01-19T10:40:07","date_gmt":"2018-01-19T08:40:07","guid":{"rendered":"http:\/\/prelive.hals.ee\/meist\/"},"modified":"2019-08-07T08:39:44","modified_gmt":"2019-08-07T05:39:44","slug":"meista","status":"publish","type":"page","link":"https:\/\/hals.ee\/fi\/meista\/","title":{"rendered":"Meist\u00e4"},"content":{"rendered":"<img loading=\"lazy\" decoding=\"async\" class=\"alignnone wp-image-363 size-medium\" src=\"http:\/\/prelive.hals.ee\/wp-content\/uploads\/2018\/03\/logo-trading-300x38.png\" alt=\"Hals Trading logo\" width=\"300\" height=\"38\" srcset=\"https:\/\/hals.ee\/wp-content\/uploads\/2018\/03\/logo-trading-300x38.png 300w, https:\/\/hals.ee\/wp-content\/uploads\/2018\/03\/logo-trading.png 320w\" sizes=\"auto, (max-width: 300px) 100vw, 300px\" \/>\n<img loading=\"lazy\" decoding=\"async\" class=\"alignnone wp-image-550\" src=\"http:\/\/prelive.hals.ee\/wp-content\/uploads\/2018\/10\/e-maili-allkiri-eeet2018-aaa.png\" alt=\"\" width=\"398\" height=\"114\" srcset=\"https:\/\/hals.ee\/wp-content\/uploads\/2018\/10\/e-maili-allkiri-eeet2018-aaa.png 600w, https:\/\/hals.ee\/wp-content\/uploads\/2018\/10\/e-maili-allkiri-eeet2018-aaa-300x86.png 300w, https:\/\/hals.ee\/wp-content\/uploads\/2018\/10\/e-maili-allkiri-eeet2018-aaa-150x43.png 150w\" sizes=\"auto, (max-width: 398px) 100vw, 398px\" \/>\n<p><b>Yleist\u00e4<\/b><br \/>\nHals Trading AS on LV-tuotteiden maahantuontiin ja tukkumyyntiin erikoistunut yritys. Historiamme alkaa vuodesta 1991, jolloin aloitti toimintansa messinkivalutehdas, AS Hals Etel\u00e4-Virossa, Viljandissa. Hals Trading AS perustettiin vuonna 1994 Tallinnaan, tyt\u00e4ryhti\u00f6mme Hals Trading-T vuonna 1996 Tartoon sek\u00e4 SIA Hals Trading 1999 Riikaan, Latviaan.<\/p>\n<p>Hals Trading on alusta l\u00e4htien pit\u00e4ytynyt kolmessa p\u00e4\u00e4periaatteessaan; tarjota vain korkealaatuisia tuotteita, tarjota laadukasta ja asiakassuuntautunutta palvelua sek\u00e4 pysy\u00e4 roolissaan; olla maahantuoja ja tukkumyyj\u00e4.<\/p>\n<p><b>Maahantuoja<\/b><br \/>\nHals Trading edustaa monia tunnettuja valmistajatehtaita markkinoillamme. Tarkoituksemme on olla asiantunteva v\u00e4litt\u00e4j\u00e4 kysynn\u00e4n ja tarjonnan kohtaamiseksi. Toisella puolella on valmistajien kiinnostus tarjota tuotteitaan, toisella taas paikallisten markkinoiden tarpeet ja kiinnostus erilaisiin vaihtoehtoihin. Teht\u00e4v\u00e4n\u00e4mme on t\u00e4ytt\u00e4\u00e4 velvollisuutemme t\u00e4ss\u00e4 v\u00e4liss\u00e4 mahdollisimman hyvin.<\/p>\n<p><b>Tukkumyyj\u00e4<\/b><br \/>\nTarjoamme asiakkaillemme laadukkaan sek\u00e4 tarpeeksi kattavan tuotevalikoiman. Oman tuontimme lis\u00e4ksi valikoimastamme l\u00f6ytyy paikallisten valmistajien sek\u00e4 edustusten tarjoamia laatutuotteita. N\u00e4in pystymme vastaamaan my\u00f6s kaikkein vaativimpien asiakkaidemme tarpeisiin.<\/p>\n<p>&nbsp;<\/p>\n<img loading=\"lazy\" decoding=\"async\" class=\"alignnone wp-image-371 size-medium\" src=\"http:\/\/prelive.hals.ee\/wp-content\/uploads\/2018\/03\/logo-interiors-300x34.png\" alt=\"Hals Interiors logo\" width=\"300\" height=\"34\" srcset=\"https:\/\/hals.ee\/wp-content\/uploads\/2018\/03\/logo-interiors-300x34.png 300w, https:\/\/hals.ee\/wp-content\/uploads\/2018\/03\/logo-interiors.png 353w\" sizes=\"auto, (max-width: 300px) 100vw, 300px\" \/>\n<img loading=\"lazy\" decoding=\"async\" class=\"alignnone wp-image-550\" src=\"http:\/\/prelive.hals.ee\/wp-content\/uploads\/2018\/10\/e-maili-allkiri-eeet2018-aaa.png\" alt=\"\" width=\"391\" height=\"112\" srcset=\"https:\/\/hals.ee\/wp-content\/uploads\/2018\/10\/e-maili-allkiri-eeet2018-aaa.png 600w, https:\/\/hals.ee\/wp-content\/uploads\/2018\/10\/e-maili-allkiri-eeet2018-aaa-300x86.png 300w, https:\/\/hals.ee\/wp-content\/uploads\/2018\/10\/e-maili-allkiri-eeet2018-aaa-150x43.png 150w\" sizes=\"auto, (max-width: 391px) 100vw, 391px\" \/>\n<p>Ymp\u00e4rist\u00f6 on mit\u00e4 ihmist\u00e4 ymp\u00e4r\u00f6i. Luonnollinen ymp\u00e4rist\u00f6 riippuu maantieteellisest\u00e4 pisteest\u00e4, jossa olemme asuneet. On suuri onni, ett\u00e4 el\u00e4mme Virossa, sen nelj\u00e4ll\u00e4 eri vuodenajalla, ja olemaan silti luonnon keskell\u00e4. Se on ymp\u00e4rist\u00f6, joka on s\u00e4ilytett\u00e4v\u00e4.<\/p>\n<p>Jatkamme p\u00e4ivitt\u00e4isi\u00e4 taisteluitamme luomassamme ymp\u00e4rist\u00f6ss\u00e4, olipa se sitten koti, ty\u00f6paikka tai julkinen tila. On harvat ihmiset, jotka eiv\u00e4t v\u00e4lit\u00e4 ymp\u00e4rist\u00f6st\u00e4\u00e4n ja ulkoasusta. Kuka meist\u00e4 ei haluaisi n\u00e4hd\u00e4 ja tuntea mukavaa ja esteettisesti miellytt\u00e4v\u00e4\u00e4 tilaa ymp\u00e4rill\u00e4mme.<\/p>\n<p>Yhdist\u00e4m\u00e4ll\u00e4 erilaisia \u200b\u200bkomponentteja voit luoda oikean ymp\u00e4rist\u00f6n joko korjaamalla olemassa olevan rakennuksen tai rakentamalla uuden. Julkisten tilojen suunnittelu on yleens\u00e4 alan asiantuntijoiden &#8211; arkkitehtien &#8211; teht\u00e4v\u00e4. Kodit suunnitellaan tavallisesti heid\u00e4n hyv\u00e4\u00e4 j\u00e4rke\u00e4 ajatellen. Kun elintaso paranee, ammattilaiset ovat mukana yh\u00e4 enemm\u00e4n t\u00e4\u00e4ll\u00e4.<\/p>\n<p>Hals Interiors, toimimalla linkkin\u00e4 tuotesuunnittelijan \/ valmistajan ja kuluttajan v\u00e4lill\u00e4 yritt\u00e4\u00e4 tarjota t\u00e4ydennyksen edell\u00e4 mainituille komponenttivalikoimille. Tuotevalikoimaamme on aina motivoinut tarjoamiemme tuotteiden kest\u00e4vyys ja estetiikka.<\/p>\n<p>Maahantuojan, tukkumyyj\u00e4n asema ja tuotemerkkien edustus markkinoilla vaatii n\u00e4iden tuotteiden perusteellista tuntemusta. T\u00e4m\u00e4 oli ratkaiseva tekij\u00e4 AS Hals Trading -yrityksen myynniss\u00e4 ja uuden yrityksen, O\u00dc Hals Interiors, perustamisessa vuonna 2003.<\/p>\n<p>Aloitimme ty\u00f6n 1. tammikuu 2004 ollessaan t\u00e4ysin vastuussa toimittajillemme ja asiakkaillemme.<\/p>\n<p>Toivottavasti verkkosivustomme tiedot auttavat my\u00f6s sinua.<\/p>\n<p>&nbsp;<\/p>\n<img loading=\"lazy\" decoding=\"async\" class=\"alignnone wp-image-375 size-medium\" src=\"http:\/\/prelive.hals.ee\/wp-content\/uploads\/2018\/03\/logo-tradingt-300x32.png\" alt=\"Hals Trading-T logo\" width=\"300\" height=\"32\" srcset=\"https:\/\/hals.ee\/wp-content\/uploads\/2018\/03\/logo-tradingt-300x32.png 300w, https:\/\/hals.ee\/wp-content\/uploads\/2018\/03\/logo-tradingt.png 377w\" sizes=\"auto, (max-width: 300px) 100vw, 300px\" \/>\n<img loading=\"lazy\" decoding=\"async\" class=\"alignnone wp-image-550\" src=\"http:\/\/prelive.hals.ee\/wp-content\/uploads\/2018\/10\/e-maili-allkiri-eeet2018-aaa.png\" alt=\"\" width=\"384\" height=\"110\" srcset=\"https:\/\/hals.ee\/wp-content\/uploads\/2018\/10\/e-maili-allkiri-eeet2018-aaa.png 600w, https:\/\/hals.ee\/wp-content\/uploads\/2018\/10\/e-maili-allkiri-eeet2018-aaa-300x86.png 300w, https:\/\/hals.ee\/wp-content\/uploads\/2018\/10\/e-maili-allkiri-eeet2018-aaa-150x43.png 150w\" sizes=\"auto, (max-width: 384px) 100vw, 384px\" \/>\n<p>AS Hals Trading-on perustettu vuonna 1996, toimimme LVI-tuotteiden tuonnin ja tukkumyynnin kanssa Lounais-Virossa.  Vuosien mittaan meille on muodostunut seitsem\u00e4n henkinen stapiilinen ammattitaitoinen henkil\u00f6kunta joka osaa asiansa. Pid\u00e4mme t\u00e4rke\u00e4n\u00e4 tarjota ainoastaan korkeatasoisia tuotteita, ottaen huomioon partneriemme tarpeet, ja nopeat toimitukset. <\/p>\n<p>&nbsp;<\/p>\n<img loading=\"lazy\" decoding=\"async\" class=\"alignnone wp-image-379 size-medium\" src=\"http:\/\/prelive.hals.ee\/wp-content\/uploads\/2018\/03\/logo-htrsupport-300x34.png\" alt=\"HTR Support logo\" width=\"300\" height=\"34\" srcset=\"https:\/\/hals.ee\/wp-content\/uploads\/2018\/03\/logo-htrsupport-300x34.png 300w, https:\/\/hals.ee\/wp-content\/uploads\/2018\/03\/logo-htrsupport.png 350w\" sizes=\"auto, (max-width: 300px) 100vw, 300px\" \/>\n<p>HTR Support O\u00dc p\u00e4\u00e4toiminta on varastotilan ja toimistotilan vuokraus, oman kiinteist\u00f6n hallinta, kuljetusv\u00e4lineiden vuokraus, toimisto- ja varastopalvelujen tarjoaminen.<\/p>\n<p>Asiakkaamme ovat johtavia omalla alalla toimivia yrityksi\u00e4 Viron markkinoilla.<\/p>\n<p>Tallinnassa ankkurivuokralaiset ovat AS Hals Trading ja O\u00dc Hals Interiors.<\/p>\n<p>N\u00e4m\u00e4 yritykset ovat suurimpia asiakkaitamme, 9 henkinen henkil\u00f6kunta, joka auttaa ja palvelee heit\u00e4.<\/p>\n<p>Suurimmat asiakkaamme Tartossa ovat AS Hals Trading-T, AS Kone, Laki Auto.<\/p>\n","protected":false},"excerpt":{"rendered":"<p>Yleist\u00e4 Hals Trading AS on LV-tuotteiden maahantuontiin ja tukkumyyntiin erikoistunut yritys. Historiamme alkaa vuodesta 1991, jolloin aloitti toimintansa messinkivalutehdas, AS Hals Etel\u00e4-Virossa, Viljandissa. Hals Trading AS perustettiin vuonna 1994 Tallinnaan, tyt\u00e4ryhti\u00f6mme Hals Trading-T vuonna 1996 Tartoon sek\u00e4 SIA Hals Trading 1999 Riikaan, Latviaan. Hals Trading on alusta l\u00e4htien pit\u00e4ytynyt kolmessa p\u00e4\u00e4periaatteessaan; tarjota vain korkealaatuisia tuotteita,&#8230;  <a class=\"excerpt-read-more\" href=\"https:\/\/hals.ee\/fi\/meista\/\" title=\"Read Meist\u00e4\">Read more &raquo;<\/a><\/p>\n","protected":false},"author":1,"featured_media":0,"parent":0,"menu_order":0,"comment_status":"closed","ping_status":"closed","template":"page-about.php","meta":{"footnotes":""},"class_list":["post-344","page","type-page","status-publish","hentry"],"yoast_head":"<!-- This site is optimized with the Yoast SEO plugin v27.1.1 - https:\/\/yoast.com\/product\/yoast-seo-wordpress\/ -->\n<title>Meist\u00e4 - Hals<\/title>\n<meta name=\"robots\" content=\"index, follow, max-snippet:-1, max-image-preview:large, max-video-preview:-1\" \/>\n<link rel=\"canonical\" href=\"https:\/\/hals.ee\/fi\/meista\/\" \/>\n<meta property=\"og:locale\" content=\"fi_FI\" \/>\n<meta property=\"og:type\" content=\"article\" \/>\n<meta property=\"og:title\" content=\"Meist\u00e4 - Hals\" \/>\n<meta property=\"og:description\" content=\"Yleist\u00e4 Hals Trading AS on LV-tuotteiden maahantuontiin ja tukkumyyntiin erikoistunut yritys. Historiamme alkaa vuodesta 1991, jolloin aloitti toimintansa messinkivalutehdas, AS Hals Etel\u00e4-Virossa, Viljandissa. Hals Trading AS perustettiin vuonna 1994 Tallinnaan, tyt\u00e4ryhti\u00f6mme Hals Trading-T vuonna 1996 Tartoon sek\u00e4 SIA Hals Trading 1999 Riikaan, Latviaan. Hals Trading on alusta l\u00e4htien pit\u00e4ytynyt kolmessa p\u00e4\u00e4periaatteessaan; tarjota vain korkealaatuisia tuotteita,... Read more &raquo;\" \/>\n<meta property=\"og:url\" content=\"https:\/\/hals.ee\/fi\/meista\/\" \/>\n<meta property=\"og:site_name\" content=\"Hals\" \/>\n<meta property=\"article:modified_time\" content=\"2019-08-07T05:39:44+00:00\" \/>\n<meta property=\"og:image\" content=\"http:\/\/prelive.hals.ee\/wp-content\/uploads\/2018\/03\/logo-trading-300x38.png\" \/>\n<meta name=\"twitter:card\" content=\"summary_large_image\" \/>\n<meta name=\"twitter:label1\" content=\"Arvioitu lukuaika\" \/>\n\t<meta name=\"twitter:data1\" content=\"2 minuuttia\" \/>\n<script type=\"application\/ld+json\" class=\"yoast-schema-graph\">{\"@context\":\"https:\/\/schema.org\",\"@graph\":[{\"@type\":\"WebPage\",\"@id\":\"https:\/\/hals.ee\/fi\/meista\/\",\"url\":\"https:\/\/hals.ee\/fi\/meista\/\",\"name\":\"Meist\u00e4 - Hals\",\"isPartOf\":{\"@id\":\"https:\/\/hals.ee\/#website\"},\"primaryImageOfPage\":{\"@id\":\"https:\/\/hals.ee\/fi\/meista\/#primaryimage\"},\"image\":{\"@id\":\"https:\/\/hals.ee\/fi\/meista\/#primaryimage\"},\"thumbnailUrl\":\"http:\/\/prelive.hals.ee\/wp-content\/uploads\/2018\/03\/logo-trading-300x38.png\",\"datePublished\":\"2018-01-19T08:40:07+00:00\",\"dateModified\":\"2019-08-07T05:39:44+00:00\",\"breadcrumb\":{\"@id\":\"https:\/\/hals.ee\/fi\/meista\/#breadcrumb\"},\"inLanguage\":\"fi\",\"potentialAction\":[{\"@type\":\"ReadAction\",\"target\":[\"https:\/\/hals.ee\/fi\/meista\/\"]}]},{\"@type\":\"ImageObject\",\"inLanguage\":\"fi\",\"@id\":\"https:\/\/hals.ee\/fi\/meista\/#primaryimage\",\"url\":\"http:\/\/prelive.hals.ee\/wp-content\/uploads\/2018\/03\/logo-trading-300x38.png\",\"contentUrl\":\"http:\/\/prelive.hals.ee\/wp-content\/uploads\/2018\/03\/logo-trading-300x38.png\"},{\"@type\":\"BreadcrumbList\",\"@id\":\"https:\/\/hals.ee\/fi\/meista\/#breadcrumb\",\"itemListElement\":[{\"@type\":\"ListItem\",\"position\":1,\"name\":\"Home\",\"item\":\"https:\/\/hals.ee\/fi\/\"},{\"@type\":\"ListItem\",\"position\":2,\"name\":\"Meist\u00e4\"}]},{\"@type\":\"WebSite\",\"@id\":\"https:\/\/hals.ee\/#website\",\"url\":\"https:\/\/hals.ee\/\",\"name\":\"Hals\",\"description\":\"LV-tuotteiden maahantuontiin ja tukkumyynti\",\"potentialAction\":[{\"@type\":\"SearchAction\",\"target\":{\"@type\":\"EntryPoint\",\"urlTemplate\":\"https:\/\/hals.ee\/?s={search_term_string}\"},\"query-input\":{\"@type\":\"PropertyValueSpecification\",\"valueRequired\":true,\"valueName\":\"search_term_string\"}}],\"inLanguage\":\"fi\"}]}<\/script>\n<!-- \/ Yoast SEO plugin. -->","yoast_head_json":{"title":"Meist\u00e4 - Hals","robots":{"index":"index","follow":"follow","max-snippet":"max-snippet:-1","max-image-preview":"max-image-preview:large","max-video-preview":"max-video-preview:-1"},"canonical":"https:\/\/hals.ee\/fi\/meista\/","og_locale":"fi_FI","og_type":"article","og_title":"Meist\u00e4 - Hals","og_description":"Yleist\u00e4 Hals Trading AS on LV-tuotteiden maahantuontiin ja tukkumyyntiin erikoistunut yritys. Historiamme alkaa vuodesta 1991, jolloin aloitti toimintansa messinkivalutehdas, AS Hals Etel\u00e4-Virossa, Viljandissa. Hals Trading AS perustettiin vuonna 1994 Tallinnaan, tyt\u00e4ryhti\u00f6mme Hals Trading-T vuonna 1996 Tartoon sek\u00e4 SIA Hals Trading 1999 Riikaan, Latviaan. Hals Trading on alusta l\u00e4htien pit\u00e4ytynyt kolmessa p\u00e4\u00e4periaatteessaan; tarjota vain korkealaatuisia tuotteita,... Read more &raquo;","og_url":"https:\/\/hals.ee\/fi\/meista\/","og_site_name":"Hals","article_modified_time":"2019-08-07T05:39:44+00:00","og_image":[{"url":"http:\/\/prelive.hals.ee\/wp-content\/uploads\/2018\/03\/logo-trading-300x38.png","type":"","width":"","height":""}],"twitter_card":"summary_large_image","twitter_misc":{"Arvioitu lukuaika":"2 minuuttia"},"schema":{"@context":"https:\/\/schema.org","@graph":[{"@type":"WebPage","@id":"https:\/\/hals.ee\/fi\/meista\/","url":"https:\/\/hals.ee\/fi\/meista\/","name":"Meist\u00e4 - Hals","isPartOf":{"@id":"https:\/\/hals.ee\/#website"},"primaryImageOfPage":{"@id":"https:\/\/hals.ee\/fi\/meista\/#primaryimage"},"image":{"@id":"https:\/\/hals.ee\/fi\/meista\/#primaryimage"},"thumbnailUrl":"http:\/\/prelive.hals.ee\/wp-content\/uploads\/2018\/03\/logo-trading-300x38.png","datePublished":"2018-01-19T08:40:07+00:00","dateModified":"2019-08-07T05:39:44+00:00","breadcrumb":{"@id":"https:\/\/hals.ee\/fi\/meista\/#breadcrumb"},"inLanguage":"fi","potentialAction":[{"@type":"ReadAction","target":["https:\/\/hals.ee\/fi\/meista\/"]}]},{"@type":"ImageObject","inLanguage":"fi","@id":"https:\/\/hals.ee\/fi\/meista\/#primaryimage","url":"http:\/\/prelive.hals.ee\/wp-content\/uploads\/2018\/03\/logo-trading-300x38.png","contentUrl":"http:\/\/prelive.hals.ee\/wp-content\/uploads\/2018\/03\/logo-trading-300x38.png"},{"@type":"BreadcrumbList","@id":"https:\/\/hals.ee\/fi\/meista\/#breadcrumb","itemListElement":[{"@type":"ListItem","position":1,"name":"Home","item":"https:\/\/hals.ee\/fi\/"},{"@type":"ListItem","position":2,"name":"Meist\u00e4"}]},{"@type":"WebSite","@id":"https:\/\/hals.ee\/#website","url":"https:\/\/hals.ee\/","name":"Hals","description":"LV-tuotteiden maahantuontiin ja tukkumyynti","potentialAction":[{"@type":"SearchAction","target":{"@type":"EntryPoint","urlTemplate":"https:\/\/hals.ee\/?s={search_term_string}"},"query-input":{"@type":"PropertyValueSpecification","valueRequired":true,"valueName":"search_term_string"}}],"inLanguage":"fi"}]}},"_links":{"self":[{"href":"https:\/\/hals.ee\/fi\/wp-json\/wp\/v2\/pages\/344","targetHints":{"allow":["GET"]}}],"collection":[{"href":"https:\/\/hals.ee\/fi\/wp-json\/wp\/v2\/pages"}],"about":[{"href":"https:\/\/hals.ee\/fi\/wp-json\/wp\/v2\/types\/page"}],"author":[{"embeddable":true,"href":"https:\/\/hals.ee\/fi\/wp-json\/wp\/v2\/users\/1"}],"replies":[{"embeddable":true,"href":"https:\/\/hals.ee\/fi\/wp-json\/wp\/v2\/comments?post=344"}],"version-history":[{"count":13,"href":"https:\/\/hals.ee\/fi\/wp-json\/wp\/v2\/pages\/344\/revisions"}],"predecessor-version":[{"id":809,"href":"https:\/\/hals.ee\/fi\/wp-json\/wp\/v2\/pages\/344\/revisions\/809"}],"wp:attachment":[{"href":"https:\/\/hals.ee\/fi\/wp-json\/wp\/v2\/media?parent=344"}],"curies":[{"name":"wp","href":"https:\/\/api.w.org\/{rel}","templated":true}]}}